{"id":7496,"date":"2025-10-01T19:52:19","date_gmt":"2025-10-01T19:52:19","guid":{"rendered":"https:\/\/elmasbakery.ro\/ro\/?page_id=7496"},"modified":"2025-11-26T21:42:17","modified_gmt":"2025-11-26T21:42:17","slug":"elmas-duo-max-croissant-5","status":"publish","type":"page","link":"https:\/\/elmasbakery.ro\/ro\/elmas-duo-max-croissant-5\/","title":{"rendered":"ELMAS DUO MAX CROISSANT"},"content":{"rendered":"<div data-colibri-id=\"7496-c1\" class=\"style-2565 style-local-7496-c1 position-relative\">\n  <!---->\n  <div data-colibri-component=\"section\" data-colibri-id=\"7496-c2\" id=\"reusable-sections\" class=\"h-section h-section-global-spacing d-flex align-items-lg-center align-items-md-center align-items-center style-2566 style-local-7496-c2 position-relative\">\n    <!---->\n    <!---->\n    <div class=\"h-section-grid-container h-section-fluid-container\">\n      <!---->\n      <div data-colibri-id=\"7496-c3\" class=\"h-row-container gutters-row-lg-0 gutters-row-md-0 gutters-row-0 gutters-row-v-lg-0 gutters-row-v-md-0 gutters-row-v-0 style-2567 style-local-7496-c3 position-relative\">\n        <!---->\n        <div class=\"h-row justify-content-lg-center justify-content-md-center justify-content-center align-items-lg-center align-items-md-center align-items-center gutters-col-lg-0 gutters-col-md-0 gutters-col-0 gutters-col-v-lg-0 gutters-col-v-md-0 gutters-col-v-0\">\n          <!---->\n          <div class=\"h-column h-column-container d-flex h-col-lg-auto h-col-md-auto h-col-auto align-self-lg-center align-self-md-center align-self-center style-2568-outer style-local-7496-c4-outer\">\n            <div data-colibri-id=\"7496-c4\" class=\"d-flex h-flex-basis h-column__inner h-px-lg-0 h-px-md-0 h-px-0 v-inner-lg-0 v-inner-md-0 v-inner-0 style-2568 style-local-7496-c4 position-relative\">\n              <!---->\n              <!---->\n              <div class=\"w-100 h-y-container h-column__content h-column__v-align flex-basis-100 align-self-lg-start align-self-md-start align-self-start\">\n                <!---->\n                <div data-colibri-id=\"7496-c5\" class=\"d-block style-2569 style-local-7496-c5 position-relative h-element\">\n                  <!---->\n                  <div class=\"h-image__frame-container-outer\">\n                    <div class=\"h-image__frame-container\">\n                      <!---->\n                      <!---->\n                      <img loading=\"lazy\" decoding=\"async\" width=\"1920\" height=\"1080\" src=\"https:\/\/elmasbakery.ro\/ro\/wp-content\/uploads\/2025\/09\/cherry-vanilla-header.jpg\" class=\"wp-image-7165 style-2569-image style-local-7496-c5-image\" alt=\"\" srcset=\"https:\/\/elmasbakery.ro\/ro\/wp-content\/uploads\/2025\/09\/cherry-vanilla-header.jpg 1920w, https:\/\/elmasbakery.ro\/ro\/wp-content\/uploads\/2025\/09\/cherry-vanilla-header-300x169.jpg 300w, https:\/\/elmasbakery.ro\/ro\/wp-content\/uploads\/2025\/09\/cherry-vanilla-header-1024x576.jpg 1024w, https:\/\/elmasbakery.ro\/ro\/wp-content\/uploads\/2025\/09\/cherry-vanilla-header-768x432.jpg 768w, https:\/\/elmasbakery.ro\/ro\/wp-content\/uploads\/2025\/09\/cherry-vanilla-header-1536x864.jpg 1536w\" sizes=\"auto, (max-width: 1920px) 100vw, 1920px\" \/>\n                      <div class=\"h-image__frame h-hide-lg h-hide-md h-hide-sm style-2569-frameImage style-local-7496-c5-frameImage\"><\/div>\n                    <\/div>\n                  <\/div>\n                <\/div>\n              <\/div>\n            <\/div>\n          <\/div>\n        <\/div>\n      <\/div>\n    <\/div>\n  <\/div>\n  <div data-colibri-component=\"section\" data-colibri-id=\"7496-c10\" id=\"reusable-sections-3\" class=\"h-section h-section-global-spacing d-flex align-items-lg-center align-items-md-center align-items-center style-2574 style-local-7496-c10 position-relative\">\n    <!---->\n    <!---->\n    <div class=\"h-section-grid-container h-section-boxed-container\">\n      <div data-colibri-id=\"7496-c33\" class=\"h-row-container gutters-row-lg-2 gutters-row-md-2 gutters-row-2 gutters-row-v-lg-2 gutters-row-v-md-2 gutters-row-v-2 style-2597 style-local-7496-c33 position-relative\">\n        <!---->\n        <div class=\"h-row justify-content-lg-center justify-content-md-center justify-content-center align-items-lg-stretch align-items-md-stretch align-items-stretch gutters-col-lg-2 gutters-col-md-2 gutters-col-2 gutters-col-v-lg-2 gutters-col-v-md-2 gutters-col-v-2\">\n          <!---->\n          <div class=\"h-column h-column-container d-flex h-col-lg-auto h-col-md-auto h-col-auto style-2598-outer style-local-7496-c34-outer\">\n            <div data-colibri-id=\"7496-c34\" class=\"d-flex h-flex-basis h-column__inner h-px-lg-2 h-px-md-2 h-px-2 v-inner-lg-2 v-inner-md-2 v-inner-2 style-2598 style-local-7496-c34 position-relative\">\n              <!---->\n              <!---->\n              <div class=\"w-100 h-y-container h-column__content h-column__v-align flex-basis-100 align-self-lg-start align-self-md-start align-self-start\">\n                <!---->\n                <div data-colibri-id=\"7496-c35\" class=\"h-global-transition-all h-heading style-2599 style-local-7496-c35 position-relative h-element\">\n                  <!---->\n                  <div class=\"h-heading__outer style-2599 style-local-7496-c35\">\n                    <!---->\n                    <!---->\n                    <h2 class=\"\">Elmas Duo Croissant<\/h2>\n                  <\/div>\n                <\/div>\n                <div data-colibri-id=\"7496-c36\" class=\"h-lead h-text h-text-component style-2600 style-local-7496-c36 position-relative h-element\">\n                  <!---->\n                  <!---->\n                  <div class=\"\">\n                    <h2><strong>VANILIE &amp; VISINE<\/strong><\/h2>\n                  <\/div>\n                <\/div>\n              <\/div>\n            <\/div>\n          <\/div>\n        <\/div>\n      <\/div>\n      <div data-colibri-id=\"7496-c11\" class=\"h-row-container gutters-row-lg-2 gutters-row-md-2 gutters-row-0 gutters-row-v-lg-2 gutters-row-v-md-2 gutters-row-v-2 style-2575 style-local-7496-c11 position-relative\">\n        <!---->\n        <div class=\"h-row justify-content-lg-center justify-content-md-center justify-content-center align-items-lg-stretch align-items-md-stretch align-items-stretch gutters-col-lg-2 gutters-col-md-2 gutters-col-0 gutters-col-v-lg-2 gutters-col-v-md-2 gutters-col-v-2\">\n          <!---->\n          <div class=\"h-column h-column-container d-flex h-col-lg-auto h-col-md-auto h-col-auto style-2576-outer style-local-7496-c12-outer\">\n            <div data-colibri-id=\"7496-c12\" class=\"d-flex h-flex-basis h-column__inner h-px-lg-2 h-px-md-2 h-px-2 v-inner-lg-2 v-inner-md-2 v-inner-2 style-2576 style-local-7496-c12 position-relative\">\n              <!---->\n              <!---->\n              <div class=\"w-100 h-y-container h-column__content h-column__v-align flex-basis-100 align-self-lg-start align-self-md-start align-self-start\">\n                <!---->\n                <div data-colibri-component=\"tabs\" data-colibri-id=\"7496-c13\" class=\"h-tabs h-tabs-horizontal h-tabs--horizontal--auto-lg h-tabs--horizontal--auto-md h-tabs--horizontal--full h-tabs h-tabs-horizontal h-tabs--horizontal--auto-lg h-tabs--horizontal--auto-md h-tabs--horizontal--full style-2577 style-local-7496-c13 position-relative h-element\">\n                  <!---->\n                  <div class=\"h-tabs-navigation d-flex h-tabs-navigation-horizontal\">\n                    <a href=\"#ingrediente\" class=\"h-tabs-navigation-item d-flex align-items-center h-global-transition h-tabs-navigation-active-item h-custom-active-state\" rel=\"#ingrediente\">\n                      <!----><span class=\"h-tabs-navigation-item__text\">Ingrediente<\/span><\/a>\n                    <a href=\"#valori-nutritionale-per-100g-2\" class=\"h-tabs-navigation-item d-flex align-items-center h-global-transition\" rel=\"#valori-nutritionale-per-100g-2\">\n                      <!----><span class=\"h-tabs-navigation-item__text\">Valori Nutri\u021bionale per 100g<\/span><\/a>\n                  <\/div>\n                  <div id=\"ingrediente\" skip-smooth-scroll=\"true\" skip-scroll-spy=\"true\" data-colibri-id=\"7496-c14\" class=\"h-tabs-item-content h-tabs-item h-tabs-content-horizontal h-tabs-content-7496-c14 style-2578 style-local-7496-c14 position-relative h-element h-tabs-content-active\">\n                    <!---->\n                    <div class=\"w-100 h-y-container\">\n                      <!---->\n                      <div data-colibri-id=\"7496-c15\" class=\"h-row-container gutters-row-lg-0 gutters-row-md-0 gutters-row-2 gutters-row-v-lg-0 gutters-row-v-md-0 gutters-row-v-2 style-2579 style-local-7496-c15 position-relative\">\n                        <!---->\n                        <div class=\"h-row justify-content-lg-center justify-content-md-center justify-content-center align-items-lg-center align-items-md-center align-items-center gutters-col-lg-0 gutters-col-md-0 gutters-col-2 gutters-col-v-lg-0 gutters-col-v-md-0 gutters-col-v-2\">\n                          <!---->\n                          <div class=\"h-column h-column-container d-flex h-col-lg-auto h-col-md-auto h-col-auto align-self-lg-center align-self-md-center align-self-center style-2580-outer style-local-7496-c16-outer\">\n                            <div data-colibri-id=\"7496-c16\" class=\"d-flex h-flex-basis h-column__inner h-px-lg-2 h-px-md-2 h-px-2 v-inner-lg-2 v-inner-md-2 v-inner-2 style-2580 style-local-7496-c16 position-relative\">\n                              <!---->\n                              <!---->\n                              <div class=\"w-100 h-y-container h-column__content h-column__v-align flex-basis-100 align-self-lg-start align-self-md-start align-self-start\">\n                                <!---->\n                                <div data-colibri-id=\"7496-c17\" class=\"h-text h-text-component style-2581 style-local-7496-c17 position-relative h-element\">\n                                  <!---->\n                                  <!---->\n                                  <div class=\"\">\n                                    <p><span style=\"font-weight: 400; font-size: 16px; font-family: Lato; color: rgb(51, 51, 51);\">Ingrediente: Aluat: f\u0103in\u0103 alb\u0103 de gr\u00e2u, gr\u0103sime vegetal\u0103 de palmier, uleiuri vegetale (floarea-soarelui, bumbac, rapi\u021b\u0103) \u00een propor\u021bii variate, ap\u0103, zah\u0103r, sirop de glucoz\u0103, drojdie, emulsifian\u021bi (mono- \u0219i digliceride ale acizilor gra\u0219i), sare iodat\u0103, arom\u0103 (vanilin\u0103), conservan\u021bi (propionat de calciu, sorbat de potasiu, acid sorbic), corector de aciditate (acid citric). Umplutur\u0103 cu arom\u0103 de vanilie 18% [zah\u0103r, ulei de palmier, ap\u0103, lapte praf degresat, dextroz\u0103, alcool etilic, emulsifian\u021bi (esteri poliglicerici ai acizilor gra\u0219i), praf de ou\u0103, corectori de aciditate (difosfa\u021bi, acid fosforic), agent de \u00eengro\u0219are (carboximetilceluloz\u0103 de sodiu), conservant (sorbat de potasiu), arom\u0103 vanilie 0,1%]. Umplutur\u0103 cu vi\u0219ine 12% [sirop de glucoz\u0103, zah\u0103r, fructe 26% (mere, vi\u0219ine 5%), ap\u0103, amidon modificat, colorant (antocianine), stabilizator (celuloz\u0103), arom\u0103, acidifiant (acid citric), conservant (sorbat de potasiu)]. Poate con\u021bine urme de: soia, fructe cu coaj\u0103 lemnoas\u0103.<\/span><strong> <\/strong><\/p>\n                                  <\/div>\n                                <\/div>\n                              <\/div>\n                            <\/div>\n                          <\/div>\n                          <div class=\"h-column h-column-container d-flex h-col-lg-auto h-col-md-auto h-col-auto align-self-lg-center align-self-md-center align-self-center style-2582-outer style-local-7496-c18-outer\">\n                            <div data-colibri-id=\"7496-c18\" class=\"d-flex h-flex-basis h-column__inner h-ui-empty-state-container h-px-lg-2 h-px-md-2 h-px-2 v-inner-lg-2 v-inner-md-2 v-inner-2 style-2582 style-local-7496-c18 position-relative\">\n                              <!---->\n                              <!---->\n                              <div class=\"w-100 h-y-container h-column__content h-column__v-align flex-basis-100\">\n                                <!---->\n                              <\/div>\n                            <\/div>\n                          <\/div>\n                        <\/div>\n                      <\/div>\n                      <div data-colibri-id=\"7496-c19\" class=\"h-x-container style-2583 style-local-7496-c19 position-relative h-element\">\n                        <!---->\n                        <div class=\"h-x-container-inner style-dynamic-7496-c19-group style-2583-spacing style-local-7496-c19-spacing\"><span class=\"h-button__outer style-2584-outer style-local-7496-c20-outer d-inline-flex h-element\"><a h-use-smooth-scroll=\"true\" href=\"https:\/\/elmasbakery.ro\/ro\/our-products\/\"  data-colibri-id=\"7496-c20\" class=\"d-flex w-100 align-items-center h-button justify-content-lg-center justify-content-md-center justify-content-center style-2584 style-local-7496-c20 position-relative\"><!----><!----> <span>BACK TO ALL PRODUCTS<\/span><\/a>\n                          <\/span>\n                        <\/div>\n                      <\/div>\n                    <\/div>\n                  <\/div>\n                  <div id=\"valori-nutritionale-per-100g-2\" skip-smooth-scroll=\"true\" skip-scroll-spy=\"true\" data-colibri-id=\"7496-c21\" class=\"h-tabs-item-content h-tabs-item h-tabs-content-horizontal h-tabs-content-7496-c21 style-2585 style-local-7496-c21 position-relative h-element hide\">\n                    <!---->\n                    <div class=\"w-100 h-y-container\">\n                      <!---->\n                      <div data-colibri-id=\"7496-c22\" class=\"h-row-container gutters-row-lg-0 gutters-row-md-0 gutters-row-2 gutters-row-v-lg-0 gutters-row-v-md-0 gutters-row-v-2 style-2586 style-local-7496-c22 position-relative\">\n                        <!---->\n                        <div class=\"h-row justify-content-lg-center justify-content-md-center justify-content-center align-items-lg-center align-items-md-center align-items-center gutters-col-lg-0 gutters-col-md-0 gutters-col-2 gutters-col-v-lg-0 gutters-col-v-md-0 gutters-col-v-2\">\n                          <!---->\n                          <div class=\"h-column h-column-container d-flex h-col-lg-auto h-col-md-auto h-col-auto align-self-lg-center align-self-md-center align-self-center style-2587-outer style-local-7496-c23-outer\">\n                            <div data-colibri-id=\"7496-c23\" class=\"d-flex h-flex-basis h-column__inner h-px-lg-0 h-px-md-0 h-px-0 v-inner-lg-0 v-inner-md-0 v-inner-0 style-2587 style-local-7496-c23 position-relative\">\n                              <!---->\n                              <!---->\n                              <div class=\"w-100 h-y-container h-column__content h-column__v-align flex-basis-100 align-self-lg-start align-self-md-start align-self-start\">\n                                <!---->\n                                <div data-colibri-id=\"7496-c24\" class=\"h-row-container gutters-row-lg-3 gutters-row-md-3 gutters-row-0 gutters-row-v-lg-3 gutters-row-v-md-3 gutters-row-v-3 style-2588 style-local-7496-c24 h-hide-md h-hide-sm position-relative\">\n                                  <!---->\n                                  <div class=\"h-row justify-content-lg-center justify-content-md-center justify-content-center align-items-lg-stretch align-items-md-stretch align-items-stretch gutters-col-lg-3 gutters-col-md-3 gutters-col-0 gutters-col-v-lg-3 gutters-col-v-md-3 gutters-col-v-3\">\n                                    <!---->\n                                    <div class=\"h-column h-column-container d-flex h-col-lg-auto h-col-md-auto h-col-auto style-2589-outer style-local-7496-c25-outer\">\n                                      <div data-colibri-id=\"7496-c25\" class=\"d-flex h-flex-basis h-column__inner h-px-lg-3 h-px-md-3 h-px-3 v-inner-lg-3 v-inner-md-3 v-inner-3 style-2589 style-local-7496-c25 position-relative\">\n                                        <!---->\n                                        <!---->\n                                        <div class=\"w-100 h-y-container h-column__content h-column__v-align flex-basis-100 align-self-lg-start align-self-md-start align-self-start\">\n                                          <!---->\n                                          <div data-colibri-id=\"7496-c26\" class=\"h-row-container gutters-row-lg-0 gutters-row-md-0 gutters-row-0 gutters-row-v-lg-0 gutters-row-v-md-0 gutters-row-v-0 style-2590 style-local-7496-c26 position-relative\">\n                                            <!---->\n                                            <div class=\"h-row justify-content-lg-center justify-content-md-center justify-content-center align-items-lg-stretch align-items-md-stretch align-items-stretch gutters-col-lg-0 gutters-col-md-0 gutters-col-0 gutters-col-v-lg-0 gutters-col-v-md-0 gutters-col-v-0\">\n                                              <!---->\n                                              <div class=\"h-column h-column-container d-flex h-col-lg-auto h-col-md-auto h-col-auto style-2591-outer style-local-7496-c27-outer\">\n                                                <div data-colibri-id=\"7496-c27\" class=\"d-flex h-flex-basis h-column__inner h-px-lg-0 h-px-md-0 h-px-0 v-inner-lg-0 v-inner-md-0 v-inner-0 style-2591 style-local-7496-c27 position-relative\">\n                                                  <!---->\n                                                  <!---->\n                                                  <div class=\"w-100 h-y-container h-column__content h-column__v-align flex-basis-100 align-self-lg-start align-self-md-start align-self-start\">\n                                                    <!---->\n                                                    <div data-colibri-id=\"7496-c28\" class=\"h-text h-text-component style-2592 style-local-7496-c28 position-relative h-element\">\n                                                      <!---->\n                                                      <!---->\n                                                      <div class=\"\">\n                                                        <p>Valoare energetic\u0103&nbsp;<\/p>\n                                                        <p>Gr\u0103simi din care:&nbsp;&nbsp;&nbsp;&nbsp;&nbsp;&nbsp;&nbsp;&nbsp;&nbsp;&nbsp;&nbsp;&nbsp;&nbsp;&nbsp;&nbsp;&nbsp;&nbsp;&nbsp;&nbsp;<\/p>\n                                                        <p>Acizi gra\u0219i satura\u021bi&nbsp;&nbsp;&nbsp;&nbsp;&nbsp;&nbsp;&nbsp;&nbsp;&nbsp;&nbsp;&nbsp;&nbsp;&nbsp;&nbsp;&nbsp;&nbsp;<\/p>\n                                                        <p>Glucide din care&nbsp;&nbsp;&nbsp;&nbsp;&nbsp;&nbsp;&nbsp;&nbsp;&nbsp;<\/p>\n                                                        <p>Zaharuri&nbsp;&nbsp;&nbsp;&nbsp;&nbsp;&nbsp;&nbsp;&nbsp;&nbsp;&nbsp;&nbsp;&nbsp;&nbsp;&nbsp;&nbsp;&nbsp;&nbsp;&nbsp;&nbsp;&nbsp;&nbsp;&nbsp;&nbsp;&nbsp;&nbsp;&nbsp;&nbsp;&nbsp;&nbsp;&nbsp;&nbsp;&nbsp;&nbsp;&nbsp;&nbsp;&nbsp;&nbsp;&nbsp;&nbsp;&nbsp;&nbsp;&nbsp;&nbsp;&nbsp;&nbsp;&nbsp;&nbsp;&nbsp;&nbsp;&nbsp;&nbsp;&nbsp;&nbsp;&nbsp;&nbsp;&nbsp;&nbsp;<\/p>\n                                                        <p>Proteine&nbsp;&nbsp;&nbsp;&nbsp;&nbsp;&nbsp;&nbsp;&nbsp;&nbsp;&nbsp;&nbsp;&nbsp;&nbsp;&nbsp;&nbsp;&nbsp;&nbsp;&nbsp;&nbsp;&nbsp;&nbsp;&nbsp;&nbsp;&nbsp;&nbsp;&nbsp;&nbsp;&nbsp;&nbsp;&nbsp;&nbsp;&nbsp;&nbsp;&nbsp;&nbsp;&nbsp;&nbsp;&nbsp;&nbsp;&nbsp;&nbsp;&nbsp;&nbsp;&nbsp;&nbsp;<\/p>\n                                                        <p>Sare&nbsp;&nbsp;&nbsp;&nbsp;<\/p>\n                                                      <\/div>\n                                                    <\/div>\n                                                  <\/div>\n                                                <\/div>\n                                              <\/div>\n                                              <div class=\"h-column h-column-container d-flex h-col-lg-auto h-col-md-auto h-col-auto style-2593-outer style-local-7496-c29-outer\">\n                                                <div data-colibri-id=\"7496-c29\" class=\"d-flex h-flex-basis h-column__inner h-px-lg-0 h-px-md-0 h-px-0 v-inner-lg-0 v-inner-md-0 v-inner-0 style-2593 style-local-7496-c29 position-relative\">\n                                                  <!---->\n                                                  <!---->\n                                                  <div class=\"w-100 h-y-container h-column__content h-column__v-align flex-basis-100 align-self-lg-start align-self-md-start align-self-start\">\n                                                    <!---->\n                                                    <div data-colibri-id=\"7496-c30\" class=\"h-text h-text-component style-2594 style-local-7496-c30 position-relative h-element\">\n                                                      <!---->\n                                                      <!---->\n                                                      <div class=\"\">\n                                                        <p>1712kJ\/ 409 kcal<\/p>\n                                                        <p>20g<\/p>\n                                                        <p>10g<\/p>\n                                                        <p>49g<\/p>\n                                                        <p>18g<\/p>\n                                                        <p>6,6g<\/p>\n                                                        <p>0,49g<\/p>\n                                                      <\/div>\n                                                    <\/div>\n                                                  <\/div>\n                                                <\/div>\n                                              <\/div>\n                                            <\/div>\n                                          <\/div>\n                                        <\/div>\n                                      <\/div>\n                                    <\/div>\n                                  <\/div>\n                                <\/div>\n                              <\/div>\n                            <\/div>\n                          <\/div>\n                          <div class=\"h-column h-column-container d-flex h-col-lg-auto h-col-md-auto h-col-auto align-self-lg-center align-self-md-center align-self-center style-2595-outer style-local-7496-c31-outer\">\n                            <div data-colibri-id=\"7496-c31\" class=\"d-flex h-flex-basis h-column__inner h-ui-empty-state-container h-px-lg-2 h-px-md-2 h-px-2 v-inner-lg-2 v-inner-md-2 v-inner-2 style-2595 style-local-7496-c31 position-relative\">\n                              <!---->\n                              <!---->\n                              <div class=\"w-100 h-y-container h-column__content h-column__v-align flex-basis-100\">\n                                <!---->\n                              <\/div>\n                            <\/div>\n                          <\/div>\n                        <\/div>\n                      <\/div>\n                      <div data-colibri-id=\"7496-c32\" class=\"d-block style-2596 style-local-7496-c32 h-hide-lg position-relative h-element\">\n                        <!---->\n                        <div class=\"h-image__frame-container-outer\">\n                          <div class=\"h-image__frame-container\">\n                            <!---->\n                            <!---->\n                            <img loading=\"lazy\" decoding=\"async\" width=\"942\" height=\"494\" src=\"https:\/\/insoundminimal.ro\/elmas\/wp-content\/uploads\/2024\/03\/Screenshot-2024-03-23-at-2.30.06-PM.png\" class=\"wp-image-6079 style-2596-image style-local-7496-c32-image\" alt=\"\" srcset=\"https:\/\/elmasbakery.ro\/ro\/wp-content\/uploads\/2024\/03\/Screenshot-2024-03-23-at-2.30.06-PM.png 942w, https:\/\/elmasbakery.ro\/ro\/wp-content\/uploads\/2024\/03\/Screenshot-2024-03-23-at-2.30.06-PM-300x157.png 300w, https:\/\/elmasbakery.ro\/ro\/wp-content\/uploads\/2024\/03\/Screenshot-2024-03-23-at-2.30.06-PM-768x403.png 768w\" sizes=\"auto, (max-width: 942px) 100vw, 942px\" \/>\n                            <div class=\"h-image__frame h-hide-lg h-hide-md h-hide-sm style-2596-frameImage style-local-7496-c32-frameImage\"><\/div>\n                          <\/div>\n                        <\/div>\n                      <\/div>\n                    <\/div>\n                  <\/div>\n                <\/div>\n              <\/div>\n            <\/div>\n          <\/div>\n        <\/div>\n      <\/div>\n    <\/div>\n  <\/div>\n<\/div>","protected":false},"excerpt":{"rendered":"<p>Elmas Duo Croissant VANILIE &amp; VISINE Ingrediente Valori Nutri\u021bionale per 100g Ingrediente: Aluat: f\u0103in\u0103 alb\u0103 de gr\u00e2u, gr\u0103sime vegetal\u0103 de palmier, uleiuri vegetale (floarea-soarelui, bumbac, rapi\u021b\u0103) \u00een propor\u021bii variate, ap\u0103, zah\u0103r, sirop de glucoz\u0103, drojdie, emulsifian\u021bi (mono- \u0219i digliceride ale acizilor gra\u0219i), sare iodat\u0103, arom\u0103 (vanilin\u0103), conservan\u021bi (propionat de calciu, sorbat de potasiu, acid sorbic), [&hellip;]<\/p>\n","protected":false},"author":1,"featured_media":0,"parent":0,"menu_order":0,"comment_status":"closed","ping_status":"closed","template":"page-templates\/full-width-page.php","meta":{"footnotes":""},"class_list":["post-7496","page","type-page","status-publish","hentry"],"_links":{"self":[{"href":"https:\/\/elmasbakery.ro\/ro\/wp-json\/wp\/v2\/pages\/7496","targetHints":{"allow":["GET"]}}],"collection":[{"href":"https:\/\/elmasbakery.ro\/ro\/wp-json\/wp\/v2\/pages"}],"about":[{"href":"https:\/\/elmasbakery.ro\/ro\/wp-json\/wp\/v2\/types\/page"}],"author":[{"embeddable":true,"href":"https:\/\/elmasbakery.ro\/ro\/wp-json\/wp\/v2\/users\/1"}],"replies":[{"embeddable":true,"href":"https:\/\/elmasbakery.ro\/ro\/wp-json\/wp\/v2\/comments?post=7496"}],"version-history":[{"count":4,"href":"https:\/\/elmasbakery.ro\/ro\/wp-json\/wp\/v2\/pages\/7496\/revisions"}],"predecessor-version":[{"id":7950,"href":"https:\/\/elmasbakery.ro\/ro\/wp-json\/wp\/v2\/pages\/7496\/revisions\/7950"}],"wp:attachment":[{"href":"https:\/\/elmasbakery.ro\/ro\/wp-json\/wp\/v2\/media?parent=7496"}],"curies":[{"name":"wp","href":"https:\/\/api.w.org\/{rel}","templated":true}]}}