{"id":7386,"date":"2025-10-01T19:12:31","date_gmt":"2025-10-01T19:12:31","guid":{"rendered":"https:\/\/elmasbakery.ro\/ro\/?page_id=7386"},"modified":"2025-11-13T12:23:18","modified_gmt":"2025-11-13T12:23:18","slug":"elmas-duo-max-croissant-4","status":"publish","type":"page","link":"https:\/\/elmasbakery.ro\/ro\/elmas-duo-max-croissant-4\/","title":{"rendered":"ELMAS DUO MAX CROISSANT"},"content":{"rendered":"<div data-colibri-id=\"7386-c1\" class=\"style-2378 style-local-7386-c1 position-relative\">\n  <!---->\n  <div data-colibri-component=\"section\" data-colibri-id=\"7386-c2\" id=\"reusable-sections-3\" class=\"h-section h-section-global-spacing d-flex align-items-lg-center align-items-md-center align-items-center style-2379 style-local-7386-c2 position-relative\">\n    <!---->\n    <!---->\n    <div class=\"h-section-grid-container h-section-fluid-container\">\n      <!---->\n      <div data-colibri-id=\"7386-c3\" class=\"h-row-container gutters-row-lg-0 gutters-row-md-0 gutters-row-0 gutters-row-v-lg-0 gutters-row-v-md-0 gutters-row-v-0 style-2380 style-local-7386-c3 position-relative\">\n        <!---->\n        <div class=\"h-row justify-content-lg-center justify-content-md-center justify-content-center align-items-lg-center align-items-md-center align-items-center gutters-col-lg-0 gutters-col-md-0 gutters-col-0 gutters-col-v-lg-0 gutters-col-v-md-0 gutters-col-v-0\">\n          <!---->\n          <div class=\"h-column h-column-container d-flex h-col-lg-auto h-col-md-auto h-col-auto align-self-lg-center align-self-md-center align-self-center style-2381-outer style-local-7386-c4-outer\">\n            <div data-colibri-id=\"7386-c4\" class=\"d-flex h-flex-basis h-column__inner h-px-lg-0 h-px-md-0 h-px-0 v-inner-lg-0 v-inner-md-0 v-inner-0 style-2381 style-local-7386-c4 position-relative\">\n              <!---->\n              <!---->\n              <div class=\"w-100 h-y-container h-column__content h-column__v-align flex-basis-100 align-self-lg-start align-self-md-start align-self-start\">\n                <!---->\n                <div data-colibri-id=\"7386-c5\" class=\"d-block style-2382 style-local-7386-c5 position-relative h-element\">\n                  <!---->\n                  <div class=\"h-image__frame-container-outer\">\n                    <div class=\"h-image__frame-container\">\n                      <!---->\n                      <!---->\n                      <img loading=\"lazy\" decoding=\"async\" width=\"1920\" height=\"1080\" src=\"https:\/\/elmasbakery.ro\/ro\/wp-content\/uploads\/2025\/09\/vanilie.jpg\" class=\"wp-image-7062 style-2382-image style-local-7386-c5-image\" alt=\"\" srcset=\"https:\/\/elmasbakery.ro\/ro\/wp-content\/uploads\/2025\/09\/vanilie.jpg 1920w, https:\/\/elmasbakery.ro\/ro\/wp-content\/uploads\/2025\/09\/vanilie-300x169.jpg 300w, https:\/\/elmasbakery.ro\/ro\/wp-content\/uploads\/2025\/09\/vanilie-1024x576.jpg 1024w, https:\/\/elmasbakery.ro\/ro\/wp-content\/uploads\/2025\/09\/vanilie-768x432.jpg 768w, https:\/\/elmasbakery.ro\/ro\/wp-content\/uploads\/2025\/09\/vanilie-1536x864.jpg 1536w\" sizes=\"auto, (max-width: 1920px) 100vw, 1920px\" \/>\n                      <div class=\"h-image__frame h-hide-lg h-hide-md h-hide-sm style-2382-frameImage style-local-7386-c5-frameImage\"><\/div>\n                    <\/div>\n                  <\/div>\n                <\/div>\n              <\/div>\n            <\/div>\n          <\/div>\n        <\/div>\n      <\/div>\n    <\/div>\n  <\/div>\n  <div data-colibri-component=\"section\" data-colibri-id=\"7386-c10\" id=\"reusable-sections-2\" class=\"h-section h-section-global-spacing d-flex align-items-lg-center align-items-md-center align-items-center style-2387 style-local-7386-c10 position-relative\">\n    <!---->\n    <!---->\n    <div class=\"h-section-grid-container h-section-boxed-container\">\n      <div data-colibri-id=\"7386-c33\" class=\"h-row-container gutters-row-lg-2 gutters-row-md-2 gutters-row-2 gutters-row-v-lg-2 gutters-row-v-md-2 gutters-row-v-2 style-2410 style-local-7386-c33 position-relative\">\n        <!---->\n        <div class=\"h-row justify-content-lg-center justify-content-md-center justify-content-center align-items-lg-stretch align-items-md-stretch align-items-stretch gutters-col-lg-2 gutters-col-md-2 gutters-col-2 gutters-col-v-lg-2 gutters-col-v-md-2 gutters-col-v-2\">\n          <!---->\n          <div class=\"h-column h-column-container d-flex h-col-lg-auto h-col-md-auto h-col-auto style-2411-outer style-local-7386-c34-outer\">\n            <div data-colibri-id=\"7386-c34\" class=\"d-flex h-flex-basis h-column__inner h-px-lg-2 h-px-md-2 h-px-2 v-inner-lg-2 v-inner-md-2 v-inner-2 style-2411 style-local-7386-c34 position-relative\">\n              <!---->\n              <!---->\n              <div class=\"w-100 h-y-container h-column__content h-column__v-align flex-basis-100 align-self-lg-start align-self-md-start align-self-start\">\n                <!---->\n                <div data-colibri-id=\"7386-c35\" class=\"h-global-transition-all h-heading style-2412 style-local-7386-c35 position-relative h-element\">\n                  <!---->\n                  <div class=\"h-heading__outer style-2412 style-local-7386-c35\">\n                    <!---->\n                    <!---->\n                    <h2 class=\"\">Elmas Duo Croissant<\/h2>\n                  <\/div>\n                <\/div>\n                <div data-colibri-id=\"7386-c36\" class=\"h-lead h-text h-text-component style-2413 style-local-7386-c36 position-relative h-element\">\n                  <!---->\n                  <!---->\n                  <div class=\"\">\n                    <h2><strong>CACAO &amp; VANILIE FARA ALCOOL<\/strong><\/h2>\n                  <\/div>\n                <\/div>\n              <\/div>\n            <\/div>\n          <\/div>\n        <\/div>\n      <\/div>\n      <div data-colibri-id=\"7386-c11\" class=\"h-row-container gutters-row-lg-2 gutters-row-md-2 gutters-row-0 gutters-row-v-lg-2 gutters-row-v-md-2 gutters-row-v-2 style-2388 style-local-7386-c11 position-relative\">\n        <!---->\n        <div class=\"h-row justify-content-lg-center justify-content-md-center justify-content-center align-items-lg-stretch align-items-md-stretch align-items-stretch gutters-col-lg-2 gutters-col-md-2 gutters-col-0 gutters-col-v-lg-2 gutters-col-v-md-2 gutters-col-v-2\">\n          <!---->\n          <div class=\"h-column h-column-container d-flex h-col-lg-auto h-col-md-auto h-col-auto style-2389-outer style-local-7386-c12-outer\">\n            <div data-colibri-id=\"7386-c12\" class=\"d-flex h-flex-basis h-column__inner h-px-lg-2 h-px-md-2 h-px-2 v-inner-lg-2 v-inner-md-2 v-inner-2 style-2389 style-local-7386-c12 position-relative\">\n              <!---->\n              <!---->\n              <div class=\"w-100 h-y-container h-column__content h-column__v-align flex-basis-100 align-self-lg-start align-self-md-start align-self-start\">\n                <!---->\n                <div data-colibri-component=\"tabs\" data-colibri-id=\"7386-c13\" class=\"h-tabs h-tabs-horizontal h-tabs--horizontal--auto-lg h-tabs--horizontal--auto-md h-tabs--horizontal--full h-tabs h-tabs-horizontal h-tabs--horizontal--auto-lg h-tabs--horizontal--auto-md h-tabs--horizontal--full style-2390 style-local-7386-c13 position-relative h-element\">\n                  <!---->\n                  <div class=\"h-tabs-navigation d-flex h-tabs-navigation-horizontal\">\n                    <a href=\"#ingrediente\" class=\"h-tabs-navigation-item d-flex align-items-center h-global-transition h-tabs-navigation-active-item h-custom-active-state\" rel=\"#ingrediente\">\n                      <!----><span class=\"h-tabs-navigation-item__text\">Ingrediente<\/span><\/a>\n                    <a href=\"#valori-nutritionale-per-100g-2\" class=\"h-tabs-navigation-item d-flex align-items-center h-global-transition\" rel=\"#valori-nutritionale-per-100g-2\">\n                      <!----><span class=\"h-tabs-navigation-item__text\">Valori Nutri\u021bionale per 100g<\/span><\/a>\n                  <\/div>\n                  <div id=\"ingrediente\" skip-smooth-scroll=\"true\" skip-scroll-spy=\"true\" data-colibri-id=\"7386-c14\" class=\"h-tabs-item-content h-tabs-item h-tabs-content-horizontal h-tabs-content-7386-c14 style-2391 style-local-7386-c14 position-relative h-element h-tabs-content-active\">\n                    <!---->\n                    <div class=\"w-100 h-y-container\">\n                      <!---->\n                      <div data-colibri-id=\"7386-c15\" class=\"h-row-container gutters-row-lg-0 gutters-row-md-0 gutters-row-2 gutters-row-v-lg-0 gutters-row-v-md-0 gutters-row-v-2 style-2392 style-local-7386-c15 position-relative\">\n                        <!---->\n                        <div class=\"h-row justify-content-lg-center justify-content-md-center justify-content-center align-items-lg-center align-items-md-center align-items-center gutters-col-lg-0 gutters-col-md-0 gutters-col-2 gutters-col-v-lg-0 gutters-col-v-md-0 gutters-col-v-2\">\n                          <!---->\n                          <div class=\"h-column h-column-container d-flex h-col-lg-auto h-col-md-auto h-col-auto align-self-lg-center align-self-md-center align-self-center style-2393-outer style-local-7386-c16-outer\">\n                            <div data-colibri-id=\"7386-c16\" class=\"d-flex h-flex-basis h-column__inner h-px-lg-2 h-px-md-2 h-px-2 v-inner-lg-2 v-inner-md-2 v-inner-2 style-2393 style-local-7386-c16 position-relative\">\n                              <!---->\n                              <!---->\n                              <div class=\"w-100 h-y-container h-column__content h-column__v-align flex-basis-100 align-self-lg-start align-self-md-start align-self-start\">\n                                <!---->\n                                <div data-colibri-id=\"7386-c17\" class=\"h-text h-text-component style-2394 style-local-7386-c17 position-relative h-element\">\n                                  <!---->\n                                  <!---->\n                                  <div class=\"\">\n                                    <p>Ingrediente: Croissant: fain\u0103 alb\u0103 de <strong>gr\u00e2u<\/strong>, gr\u0103sime de palmier, uleiuri vegetale (floarea-soarelui, bumbac, rapi\u021b\u0103) \u00een propor\u021bii variate, ap\u0103, zah\u0103r, sirop de glucoz\u0103, drojdie, emulsifian\u021bi (mono- \u015fi\n                                      digliceride ale acizilor gra\u015fi), sare iodat\u0103, conservan\u021bi (propionat de calciu, sorbat de potasiu, acid sorbic), arom\u0103 (vanilin\u0103), corector de aciditate (acid citric).&nbsp;Umplutur\u0103 cu cacao 15% [ulei de palmier,\n                                      zah\u0103r, sirop de glucoz\u0103, ap\u0103, cacao pudr\u0103 cu con\u021binut redus de gr\u0103sime 7%, <strong>lapte<\/strong> praf degresat, stabilizatori (sorbitol, propilen glicol), emulsifiant (poliricinoleat de poliglicerin\u0103), conservant\n                                      (sorbat de potasiu), arom\u0103 (vanilin\u0103)]. Umplutur\u0103 cu arom\u0103 de vanilie 15% [gr\u0103sime vegetal\u0103 de palmier, zah\u0103r, sirop de glucoz\u0103, ap\u0103, <strong>lapte<\/strong> praf degresat, stabilizator (sorbitol), praf de <strong>ou\u0103<\/strong>,\n                                      emulsifiant (poliricinoleat de poliglicerin\u0103), corector de aciditate (acid citric), stabilizator (propilen glicol), conservant (sorbat de potasiu), arome (vanilie 0,15%, alune de p\u0103dure), agent de \u00eengro\u015fare (carboximetilceluloz\u0103\n                                      de sodiu)].&nbsp;Poate con\u021bine urme de: <strong>soia, fructe cu coaj\u0103 lemnoas\u0103.<\/strong> <strong><br> <\/strong><\/p>\n                                  <\/div>\n                                <\/div>\n                              <\/div>\n                            <\/div>\n                          <\/div>\n                          <div class=\"h-column h-column-container d-flex h-col-lg-auto h-col-md-auto h-col-auto align-self-lg-center align-self-md-center align-self-center style-2395-outer style-local-7386-c18-outer\">\n                            <div data-colibri-id=\"7386-c18\" class=\"d-flex h-flex-basis h-column__inner h-ui-empty-state-container h-px-lg-2 h-px-md-2 h-px-2 v-inner-lg-2 v-inner-md-2 v-inner-2 style-2395 style-local-7386-c18 position-relative\">\n                              <!---->\n                              <!---->\n                              <div class=\"w-100 h-y-container h-column__content h-column__v-align flex-basis-100\">\n                                <!---->\n                              <\/div>\n                            <\/div>\n                          <\/div>\n                        <\/div>\n                      <\/div>\n                      <div data-colibri-id=\"7386-c19\" class=\"h-x-container style-2396 style-local-7386-c19 position-relative h-element\">\n                        <!---->\n                        <div class=\"h-x-container-inner style-dynamic-7386-c19-group style-2396-spacing style-local-7386-c19-spacing\"><span class=\"h-button__outer style-2397-outer style-local-7386-c20-outer d-inline-flex h-element\"><a h-use-smooth-scroll=\"true\" href=\"https:\/\/elmasbakery.ro\/ro\/our-products\/\"  data-colibri-id=\"7386-c20\" class=\"d-flex w-100 align-items-center h-button justify-content-lg-center justify-content-md-center justify-content-center style-2397 style-local-7386-c20 position-relative\"><!----><!----> <span>BACK TO ALL PRODUCTS<\/span><\/a>\n                          <\/span>\n                        <\/div>\n                      <\/div>\n                    <\/div>\n                  <\/div>\n                  <div id=\"valori-nutritionale-per-100g-2\" skip-smooth-scroll=\"true\" skip-scroll-spy=\"true\" data-colibri-id=\"7386-c21\" class=\"h-tabs-item-content h-tabs-item h-tabs-content-horizontal h-tabs-content-7386-c21 style-2398 style-local-7386-c21 position-relative h-element hide\">\n                    <!---->\n                    <div class=\"w-100 h-y-container\">\n                      <!---->\n                      <div data-colibri-id=\"7386-c22\" class=\"h-row-container gutters-row-lg-1 gutters-row-md-1 gutters-row-2 gutters-row-v-lg-1 gutters-row-v-md-1 gutters-row-v-2 style-2399 style-local-7386-c22 position-relative\">\n                        <!---->\n                        <div class=\"h-row justify-content-lg-center justify-content-md-center justify-content-center align-items-lg-center align-items-md-center align-items-center gutters-col-lg-1 gutters-col-md-1 gutters-col-2 gutters-col-v-lg-1 gutters-col-v-md-1 gutters-col-v-2\">\n                          <!---->\n                          <div class=\"h-column h-column-container d-flex h-col-lg-auto h-col-md-auto h-col-auto align-self-lg-center align-self-md-center align-self-center style-2400-outer style-local-7386-c23-outer\">\n                            <div data-colibri-id=\"7386-c23\" class=\"d-flex h-flex-basis h-column__inner h-px-lg-0 h-px-md-0 h-px-0 v-inner-lg-0 v-inner-md-0 v-inner-0 style-2400 style-local-7386-c23 position-relative\">\n                              <!---->\n                              <!---->\n                              <div class=\"w-100 h-y-container h-column__content h-column__v-align flex-basis-100 align-self-lg-start align-self-md-start align-self-start\">\n                                <!---->\n                                <div data-colibri-id=\"7386-c24\" class=\"h-row-container gutters-row-lg-3 gutters-row-md-3 gutters-row-0 gutters-row-v-lg-3 gutters-row-v-md-3 gutters-row-v-3 style-2401 style-local-7386-c24 h-hide-md h-hide-sm position-relative\">\n                                  <!---->\n                                  <div class=\"h-row justify-content-lg-center justify-content-md-center justify-content-center align-items-lg-stretch align-items-md-stretch align-items-stretch gutters-col-lg-3 gutters-col-md-3 gutters-col-0 gutters-col-v-lg-3 gutters-col-v-md-3 gutters-col-v-3\">\n                                    <!---->\n                                    <div class=\"h-column h-column-container d-flex h-col-lg-auto h-col-md-auto h-col-auto style-2402-outer style-local-7386-c25-outer\">\n                                      <div data-colibri-id=\"7386-c25\" class=\"d-flex h-flex-basis h-column__inner h-px-lg-3 h-px-md-3 h-px-3 v-inner-lg-3 v-inner-md-3 v-inner-3 style-2402 style-local-7386-c25 position-relative\">\n                                        <!---->\n                                        <!---->\n                                        <div class=\"w-100 h-y-container h-column__content h-column__v-align flex-basis-100 align-self-lg-start align-self-md-start align-self-start\">\n                                          <!---->\n                                          <div data-colibri-id=\"7386-c26\" class=\"h-row-container gutters-row-lg-0 gutters-row-md-0 gutters-row-0 gutters-row-v-lg-0 gutters-row-v-md-0 gutters-row-v-0 style-2403 style-local-7386-c26 position-relative\">\n                                            <!---->\n                                            <div class=\"h-row justify-content-lg-center justify-content-md-center justify-content-center align-items-lg-stretch align-items-md-stretch align-items-stretch gutters-col-lg-0 gutters-col-md-0 gutters-col-0 gutters-col-v-lg-0 gutters-col-v-md-0 gutters-col-v-0\">\n                                              <!---->\n                                              <div class=\"h-column h-column-container d-flex h-col-lg-auto h-col-md-auto h-col-auto style-2404-outer style-local-7386-c27-outer\">\n                                                <div data-colibri-id=\"7386-c27\" class=\"d-flex h-flex-basis h-column__inner h-px-lg-0 h-px-md-0 h-px-0 v-inner-lg-0 v-inner-md-0 v-inner-0 style-2404 style-local-7386-c27 position-relative\">\n                                                  <!---->\n                                                  <!---->\n                                                  <div class=\"w-100 h-y-container h-column__content h-column__v-align flex-basis-100 align-self-lg-start align-self-md-start align-self-start\">\n                                                    <!---->\n                                                    <div data-colibri-id=\"7386-c28\" class=\"h-text h-text-component style-2405 style-local-7386-c28 position-relative h-element\">\n                                                      <!---->\n                                                      <!---->\n                                                      <div class=\"\">\n                                                        <p>Valoare energetic\u0103&nbsp;<\/p>\n                                                        <p>Gr\u0103simi din care:&nbsp;&nbsp;&nbsp;&nbsp;&nbsp;&nbsp;&nbsp;&nbsp;&nbsp;&nbsp;&nbsp;&nbsp;&nbsp;&nbsp;&nbsp;&nbsp;&nbsp;&nbsp;&nbsp;<\/p>\n                                                        <p>Acizi gra\u0219i satura\u021bi&nbsp;&nbsp;&nbsp;&nbsp;&nbsp;&nbsp;&nbsp;&nbsp;&nbsp;&nbsp;&nbsp;&nbsp;&nbsp;&nbsp;&nbsp;&nbsp;<\/p>\n                                                        <p>Glucide din care&nbsp;&nbsp;&nbsp;&nbsp;&nbsp;&nbsp;&nbsp;&nbsp;&nbsp;<\/p>\n                                                        <p>Zaharuri&nbsp;&nbsp;&nbsp;&nbsp;&nbsp;&nbsp;&nbsp;&nbsp;&nbsp;&nbsp;&nbsp;&nbsp;&nbsp;&nbsp;&nbsp;&nbsp;&nbsp;&nbsp;&nbsp;&nbsp;&nbsp;&nbsp;&nbsp;&nbsp;&nbsp;&nbsp;&nbsp;<\/p>\n                                                        <p>Proteine&nbsp;&nbsp;&nbsp;&nbsp;&nbsp;&nbsp;&nbsp;&nbsp;&nbsp;&nbsp;&nbsp;&nbsp;&nbsp;&nbsp;&nbsp;&nbsp;&nbsp;&nbsp;&nbsp;&nbsp;&nbsp;&nbsp;&nbsp;&nbsp;&nbsp;&nbsp;&nbsp;&nbsp;&nbsp;&nbsp;&nbsp;&nbsp;&nbsp;&nbsp;&nbsp;&nbsp;&nbsp;&nbsp;&nbsp;&nbsp;&nbsp;&nbsp;&nbsp;&nbsp;&nbsp;<\/p>\n                                                        <p>Sare&nbsp;&nbsp;&nbsp;&nbsp;<\/p>\n                                                      <\/div>\n                                                    <\/div>\n                                                  <\/div>\n                                                <\/div>\n                                              <\/div>\n                                              <div class=\"h-column h-column-container d-flex h-col-lg-auto h-col-md-auto h-col-auto style-2406-outer style-local-7386-c29-outer\">\n                                                <div data-colibri-id=\"7386-c29\" class=\"d-flex h-flex-basis h-column__inner h-px-lg-0 h-px-md-0 h-px-0 v-inner-lg-0 v-inner-md-0 v-inner-0 style-2406 style-local-7386-c29 position-relative\">\n                                                  <!---->\n                                                  <!---->\n                                                  <div class=\"w-100 h-y-container h-column__content h-column__v-align flex-basis-100 align-self-lg-start align-self-md-start align-self-start\">\n                                                    <!---->\n                                                    <div data-colibri-id=\"7386-c30\" class=\"h-text h-text-component style-2407 style-local-7386-c30 position-relative h-element\">\n                                                      <!---->\n                                                      <!---->\n                                                      <div class=\"\">\n                                                        <p>1760 kJ\/ 421 kcal<\/p>\n                                                        <p>23g<\/p>\n                                                        <p>11g<\/p>\n                                                        <p>47g<\/p>\n                                                        <p>16g<\/p>\n                                                        <p>6,6g<\/p>\n                                                        <p>0,47g<\/p>\n                                                      <\/div>\n                                                    <\/div>\n                                                  <\/div>\n                                                <\/div>\n                                              <\/div>\n                                            <\/div>\n                                          <\/div>\n                                        <\/div>\n                                      <\/div>\n                                    <\/div>\n                                  <\/div>\n                                <\/div>\n                              <\/div>\n                            <\/div>\n                          <\/div>\n                          <div class=\"h-column h-column-container d-flex h-col-lg-auto h-col-md-auto h-col-auto align-self-lg-center align-self-md-center align-self-center style-2408-outer style-local-7386-c31-outer\">\n                            <div data-colibri-id=\"7386-c31\" class=\"d-flex h-flex-basis h-column__inner h-ui-empty-state-container h-px-lg-2 h-px-md-2 h-px-2 v-inner-lg-2 v-inner-md-2 v-inner-2 style-2408 style-local-7386-c31 position-relative\">\n                              <!---->\n                              <!---->\n                              <div class=\"w-100 h-y-container h-column__content h-column__v-align flex-basis-100\">\n                                <!---->\n                              <\/div>\n                            <\/div>\n                          <\/div>\n                        <\/div>\n                      <\/div>\n                      <div data-colibri-id=\"7386-c32\" class=\"d-block style-2409 style-local-7386-c32 h-hide-lg position-relative h-element\">\n                        <!---->\n                        <div class=\"h-image__frame-container-outer\">\n                          <div class=\"h-image__frame-container\">\n                            <!---->\n                            <!---->\n                            <img loading=\"lazy\" decoding=\"async\" width=\"910\" height=\"474\" src=\"https:\/\/insoundminimal.ro\/elmas\/wp-content\/uploads\/2024\/03\/Screenshot-2024-03-23-at-2.23.22-PM.png\" class=\"wp-image-6047 style-2409-image style-local-7386-c32-image\" alt=\"\" srcset=\"https:\/\/elmasbakery.ro\/ro\/wp-content\/uploads\/2024\/03\/Screenshot-2024-03-23-at-2.23.22-PM.png 910w, https:\/\/elmasbakery.ro\/ro\/wp-content\/uploads\/2024\/03\/Screenshot-2024-03-23-at-2.23.22-PM-300x156.png 300w, https:\/\/elmasbakery.ro\/ro\/wp-content\/uploads\/2024\/03\/Screenshot-2024-03-23-at-2.23.22-PM-768x400.png 768w\" sizes=\"auto, (max-width: 910px) 100vw, 910px\" \/>\n                            <div class=\"h-image__frame h-hide-lg h-hide-md h-hide-sm style-2409-frameImage style-local-7386-c32-frameImage\"><\/div>\n                          <\/div>\n                        <\/div>\n                      <\/div>\n                    <\/div>\n                  <\/div>\n                <\/div>\n              <\/div>\n            <\/div>\n          <\/div>\n        <\/div>\n      <\/div>\n    <\/div>\n  <\/div>\n<\/div>","protected":false},"excerpt":{"rendered":"<p>Elmas Duo Croissant CACAO &amp; VANILIE FARA ALCOOL Ingrediente Valori Nutri\u021bionale per 100g Ingrediente: Croissant: fain\u0103 alb\u0103 de gr\u00e2u, gr\u0103sime de palmier, uleiuri vegetale (floarea-soarelui, bumbac, rapi\u021b\u0103) \u00een propor\u021bii variate, ap\u0103, zah\u0103r, sirop de glucoz\u0103, drojdie, emulsifian\u021bi (mono- \u015fi digliceride ale acizilor gra\u015fi), sare iodat\u0103, conservan\u021bi (propionat de calciu, sorbat de potasiu, acid sorbic), arom\u0103 [&hellip;]<\/p>\n","protected":false},"author":1,"featured_media":0,"parent":0,"menu_order":0,"comment_status":"closed","ping_status":"closed","template":"page-templates\/full-width-page.php","meta":{"footnotes":""},"class_list":["post-7386","page","type-page","status-publish","hentry"],"_links":{"self":[{"href":"https:\/\/elmasbakery.ro\/ro\/wp-json\/wp\/v2\/pages\/7386","targetHints":{"allow":["GET"]}}],"collection":[{"href":"https:\/\/elmasbakery.ro\/ro\/wp-json\/wp\/v2\/pages"}],"about":[{"href":"https:\/\/elmasbakery.ro\/ro\/wp-json\/wp\/v2\/types\/page"}],"author":[{"embeddable":true,"href":"https:\/\/elmasbakery.ro\/ro\/wp-json\/wp\/v2\/users\/1"}],"replies":[{"embeddable":true,"href":"https:\/\/elmasbakery.ro\/ro\/wp-json\/wp\/v2\/comments?post=7386"}],"version-history":[{"count":4,"href":"https:\/\/elmasbakery.ro\/ro\/wp-json\/wp\/v2\/pages\/7386\/revisions"}],"predecessor-version":[{"id":7850,"href":"https:\/\/elmasbakery.ro\/ro\/wp-json\/wp\/v2\/pages\/7386\/revisions\/7850"}],"wp:attachment":[{"href":"https:\/\/elmasbakery.ro\/ro\/wp-json\/wp\/v2\/media?parent=7386"}],"curies":[{"name":"wp","href":"https:\/\/api.w.org\/{rel}","templated":true}]}}