{"id":7246,"date":"2025-10-01T18:19:34","date_gmt":"2025-10-01T18:19:34","guid":{"rendered":"https:\/\/elmasbakery.ro\/ro\/?page_id=7246"},"modified":"2025-11-26T21:26:29","modified_gmt":"2025-11-26T21:26:29","slug":"elmas-croissant-3","status":"publish","type":"page","link":"https:\/\/elmasbakery.ro\/ro\/elmas-croissant-3\/","title":{"rendered":"ELMAS\u00a0 CROISSANT"},"content":{"rendered":"<div data-colibri-id=\"7246-c1\" class=\"style-2125 style-local-7246-c1 position-relative\">\n  <!---->\n  <div data-colibri-component=\"section\" data-colibri-id=\"7246-c2\" id=\"reusable-sections-3\" class=\"h-section h-section-global-spacing d-flex align-items-lg-center align-items-md-center align-items-center style-2126 style-local-7246-c2 position-relative\">\n    <!---->\n    <!---->\n    <div class=\"h-section-grid-container h-section-fluid-container\">\n      <!---->\n      <div data-colibri-id=\"7246-c3\" class=\"h-row-container gutters-row-lg-0 gutters-row-md-0 gutters-row-0 gutters-row-v-lg-0 gutters-row-v-md-0 gutters-row-v-0 style-2127 style-local-7246-c3 position-relative\">\n        <!---->\n        <div class=\"h-row justify-content-lg-center justify-content-md-center justify-content-center align-items-lg-center align-items-md-center align-items-center gutters-col-lg-0 gutters-col-md-0 gutters-col-0 gutters-col-v-lg-0 gutters-col-v-md-0 gutters-col-v-0\">\n          <!---->\n          <div class=\"h-column h-column-container d-flex h-col-lg-auto h-col-md-auto h-col-auto align-self-lg-center align-self-md-center align-self-center style-2128-outer style-local-7246-c4-outer\">\n            <div data-colibri-id=\"7246-c4\" class=\"d-flex h-flex-basis h-column__inner h-px-lg-0 h-px-md-0 h-px-0 v-inner-lg-0 v-inner-md-0 v-inner-0 style-2128 style-local-7246-c4 position-relative\">\n              <!---->\n              <!---->\n              <div class=\"w-100 h-y-container h-column__content h-column__v-align flex-basis-100 align-self-lg-start align-self-md-start align-self-start\">\n                <!---->\n                <div data-colibri-id=\"7246-c5\" class=\"d-block style-2129 style-local-7246-c5 position-relative h-element\">\n                  <!---->\n                  <div class=\"h-image__frame-container-outer\">\n                    <div class=\"h-image__frame-container\">\n                      <!---->\n                      <!---->\n                      <img loading=\"lazy\" decoding=\"async\" width=\"1920\" height=\"1080\" src=\"https:\/\/elmasbakery.ro\/ro\/wp-content\/uploads\/2025\/09\/header-cacao.jpg\" class=\"wp-image-6957 style-2129-image style-local-7246-c5-image\" alt=\"\" srcset=\"https:\/\/elmasbakery.ro\/ro\/wp-content\/uploads\/2025\/09\/header-cacao.jpg 1920w, https:\/\/elmasbakery.ro\/ro\/wp-content\/uploads\/2025\/09\/header-cacao-300x169.jpg 300w, https:\/\/elmasbakery.ro\/ro\/wp-content\/uploads\/2025\/09\/header-cacao-1024x576.jpg 1024w, https:\/\/elmasbakery.ro\/ro\/wp-content\/uploads\/2025\/09\/header-cacao-768x432.jpg 768w, https:\/\/elmasbakery.ro\/ro\/wp-content\/uploads\/2025\/09\/header-cacao-1536x864.jpg 1536w\" sizes=\"auto, (max-width: 1920px) 100vw, 1920px\" \/>\n                      <div class=\"h-image__frame h-hide-lg h-hide-md h-hide-sm style-2129-frameImage style-local-7246-c5-frameImage\"><\/div>\n                    <\/div>\n                  <\/div>\n                <\/div>\n              <\/div>\n            <\/div>\n          <\/div>\n        <\/div>\n      <\/div>\n    <\/div>\n  <\/div>\n  <div data-colibri-component=\"section\" data-colibri-id=\"7246-c10\" id=\"reusable-sections-2\" class=\"h-section h-section-global-spacing d-flex align-items-lg-center align-items-md-center align-items-center style-2134 style-local-7246-c10 position-relative\">\n    <!---->\n    <!---->\n    <div class=\"h-section-grid-container h-section-boxed-container\">\n      <div data-colibri-id=\"7246-c33\" class=\"h-row-container gutters-row-lg-2 gutters-row-md-2 gutters-row-2 gutters-row-v-lg-2 gutters-row-v-md-2 gutters-row-v-2 style-2157 style-local-7246-c33 position-relative\">\n        <!---->\n        <div class=\"h-row justify-content-lg-center justify-content-md-center justify-content-center align-items-lg-stretch align-items-md-stretch align-items-stretch gutters-col-lg-2 gutters-col-md-2 gutters-col-2 gutters-col-v-lg-2 gutters-col-v-md-2 gutters-col-v-2\">\n          <!---->\n          <div class=\"h-column h-column-container d-flex h-col-lg-auto h-col-md-auto h-col-auto style-2158-outer style-local-7246-c34-outer\">\n            <div data-colibri-id=\"7246-c34\" class=\"d-flex h-flex-basis h-column__inner h-px-lg-2 h-px-md-2 h-px-2 v-inner-lg-2 v-inner-md-2 v-inner-2 style-2158 style-local-7246-c34 position-relative\">\n              <!---->\n              <!---->\n              <div class=\"w-100 h-y-container h-column__content h-column__v-align flex-basis-100 align-self-lg-start align-self-md-start align-self-start\">\n                <!---->\n                <div data-colibri-id=\"7246-c35\" class=\"h-global-transition-all h-heading style-2159 style-local-7246-c35 position-relative h-element\">\n                  <!---->\n                  <div class=\"h-heading__outer style-2159 style-local-7246-c35\">\n                    <!---->\n                    <!---->\n                    <h2 class=\"\">Elmas Croissant<\/h2>\n                  <\/div>\n                <\/div>\n                <div data-colibri-id=\"7246-c36\" class=\"h-lead h-text h-text-component style-2160 style-local-7246-c36 position-relative h-element\">\n                  <!---->\n                  <!---->\n                  <div class=\"\">\n                    <h2><strong>CACAO<\/strong><\/h2>\n                  <\/div>\n                <\/div>\n              <\/div>\n            <\/div>\n          <\/div>\n        <\/div>\n      <\/div>\n      <div data-colibri-id=\"7246-c11\" class=\"h-row-container gutters-row-lg-2 gutters-row-md-2 gutters-row-0 gutters-row-v-lg-2 gutters-row-v-md-2 gutters-row-v-2 style-2135 style-local-7246-c11 position-relative\">\n        <!---->\n        <div class=\"h-row justify-content-lg-center justify-content-md-center justify-content-center align-items-lg-stretch align-items-md-stretch align-items-stretch gutters-col-lg-2 gutters-col-md-2 gutters-col-0 gutters-col-v-lg-2 gutters-col-v-md-2 gutters-col-v-2\">\n          <!---->\n          <div class=\"h-column h-column-container d-flex h-col-lg-auto h-col-md-auto h-col-auto style-2136-outer style-local-7246-c12-outer\">\n            <div data-colibri-id=\"7246-c12\" class=\"d-flex h-flex-basis h-column__inner h-px-lg-2 h-px-md-2 h-px-2 v-inner-lg-2 v-inner-md-2 v-inner-2 style-2136 style-local-7246-c12 position-relative\">\n              <!---->\n              <!---->\n              <div class=\"w-100 h-y-container h-column__content h-column__v-align flex-basis-100 align-self-lg-start align-self-md-start align-self-start\">\n                <!---->\n                <div data-colibri-component=\"tabs\" data-colibri-id=\"7246-c13\" class=\"h-tabs h-tabs-horizontal h-tabs--horizontal--auto-lg h-tabs--horizontal--auto-md h-tabs--horizontal--full h-tabs h-tabs-horizontal h-tabs--horizontal--auto-lg h-tabs--horizontal--auto-md h-tabs--horizontal--full style-2137 style-local-7246-c13 position-relative h-element\">\n                  <!---->\n                  <div class=\"h-tabs-navigation d-flex h-tabs-navigation-horizontal\">\n                    <a href=\"#ingrediente\" class=\"h-tabs-navigation-item d-flex align-items-center h-global-transition h-tabs-navigation-active-item h-custom-active-state\" rel=\"#ingrediente\">\n                      <!----><span class=\"h-tabs-navigation-item__text\">Ingrediente<\/span><\/a>\n                    <a href=\"#valori-nutritionale-per-100g-2\" class=\"h-tabs-navigation-item d-flex align-items-center h-global-transition\" rel=\"#valori-nutritionale-per-100g-2\">\n                      <!----><span class=\"h-tabs-navigation-item__text\">Valori Nutri\u021bionale per 100g<\/span><\/a>\n                  <\/div>\n                  <div id=\"ingrediente\" skip-smooth-scroll=\"true\" skip-scroll-spy=\"true\" data-colibri-id=\"7246-c14\" class=\"h-tabs-item-content h-tabs-item h-tabs-content-horizontal h-tabs-content-7246-c14 style-2138 style-local-7246-c14 position-relative h-element h-tabs-content-active\">\n                    <!---->\n                    <div class=\"w-100 h-y-container\">\n                      <!---->\n                      <div data-colibri-id=\"7246-c15\" class=\"h-row-container gutters-row-lg-0 gutters-row-md-0 gutters-row-2 gutters-row-v-lg-0 gutters-row-v-md-0 gutters-row-v-2 style-2139 style-local-7246-c15 position-relative\">\n                        <!---->\n                        <div class=\"h-row justify-content-lg-center justify-content-md-center justify-content-center align-items-lg-center align-items-md-center align-items-center gutters-col-lg-0 gutters-col-md-0 gutters-col-2 gutters-col-v-lg-0 gutters-col-v-md-0 gutters-col-v-2\">\n                          <!---->\n                          <div class=\"h-column h-column-container d-flex h-col-lg-auto h-col-md-auto h-col-auto align-self-lg-center align-self-md-center align-self-center style-2140-outer style-local-7246-c16-outer\">\n                            <div data-colibri-id=\"7246-c16\" class=\"d-flex h-flex-basis h-column__inner h-px-lg-2 h-px-md-2 h-px-2 v-inner-lg-2 v-inner-md-2 v-inner-2 style-2140 style-local-7246-c16 position-relative\">\n                              <!---->\n                              <!---->\n                              <div class=\"w-100 h-y-container h-column__content h-column__v-align flex-basis-100 align-self-lg-start align-self-md-start align-self-start\">\n                                <!---->\n                                <div data-colibri-id=\"7246-c17\" class=\"h-text h-text-component style-2141 style-local-7246-c17 position-relative h-element\">\n                                  <!---->\n                                  <!---->\n                                  <div class=\"\">\n                                    <p>Ingrediente: Aluat: f\u0103in\u0103 alb\u0103 de gr\u00e2u, gr\u0103sime vegetal\u0103 de palmier, uleiuri vegetale (floarea-soarelui, bumbac, rapi\u021b\u0103) \u00een propor\u021bii variate, ap\u0103, zah\u0103r, sirop de glucoz\u0103, drojdie, emulsifian\u021bi (mono- \u0219i digliceride\n                                      ale acizilor gra\u0219i), sare iodat\u0103, arom\u0103 (vanilin\u0103), conservan\u021bi (propionat de calciu, sorbat de potasiu, acid sorbic), corector de aciditate (acid citric). Umplutur\u0103 cu cacao 33% [zah\u0103r, ulei de palmier, ap\u0103, 7% cacao\n                                      pudr\u0103 cu con\u021binut redus de gr\u0103sime, lapte praf degresat, alcool etilic, emulsifiant (poliricinoleat de poliglicerin\u0103), arom\u0103 (vanilin\u0103), conservant (sorbat de potasiu), stabilizator (alginat de sodiu), corector de\n                                      aciditate (acid citric)]. Poate con\u021bine urme de: ou\u0103, soia, fructe cu coaj\u0103 lemnoas\u0103.<strong> <\/strong><\/p>\n                                  <\/div>\n                                <\/div>\n                              <\/div>\n                            <\/div>\n                          <\/div>\n                          <div class=\"h-column h-column-container d-flex h-col-lg-auto h-col-md-auto h-col-auto align-self-lg-center align-self-md-center align-self-center style-2142-outer style-local-7246-c18-outer\">\n                            <div data-colibri-id=\"7246-c18\" class=\"d-flex h-flex-basis h-column__inner h-ui-empty-state-container h-px-lg-2 h-px-md-2 h-px-2 v-inner-lg-2 v-inner-md-2 v-inner-2 style-2142 style-local-7246-c18 position-relative\">\n                              <!---->\n                              <!---->\n                              <div class=\"w-100 h-y-container h-column__content h-column__v-align flex-basis-100\">\n                                <!---->\n                              <\/div>\n                            <\/div>\n                          <\/div>\n                        <\/div>\n                      <\/div>\n                      <div data-colibri-id=\"7246-c19\" class=\"h-x-container style-2143 style-local-7246-c19 position-relative h-element\">\n                        <!---->\n                        <div class=\"h-x-container-inner style-dynamic-7246-c19-group style-2143-spacing style-local-7246-c19-spacing\"><span class=\"h-button__outer style-2144-outer style-local-7246-c20-outer d-inline-flex h-element\"><a h-use-smooth-scroll=\"true\" href=\"https:\/\/elmasbakery.ro\/ro\/our-products\/\"  data-colibri-id=\"7246-c20\" class=\"d-flex w-100 align-items-center h-button justify-content-lg-center justify-content-md-center justify-content-center style-2144 style-local-7246-c20 position-relative\"><!----><!----> <span>BACK TO ALL PRODUCTS<\/span><\/a>\n                          <\/span>\n                        <\/div>\n                      <\/div>\n                    <\/div>\n                  <\/div>\n                  <div id=\"valori-nutritionale-per-100g-2\" skip-smooth-scroll=\"true\" skip-scroll-spy=\"true\" data-colibri-id=\"7246-c21\" class=\"h-tabs-item-content h-tabs-item h-tabs-content-horizontal h-tabs-content-7246-c21 style-2145 style-local-7246-c21 position-relative h-element hide\">\n                    <!---->\n                    <div class=\"w-100 h-y-container\">\n                      <!---->\n                      <div data-colibri-id=\"7246-c22\" class=\"h-row-container gutters-row-lg-0 gutters-row-md-0 gutters-row-2 gutters-row-v-lg-0 gutters-row-v-md-0 gutters-row-v-2 style-2146 style-local-7246-c22 position-relative\">\n                        <!---->\n                        <div class=\"h-row justify-content-lg-center justify-content-md-center justify-content-center align-items-lg-center align-items-md-center align-items-center gutters-col-lg-0 gutters-col-md-0 gutters-col-2 gutters-col-v-lg-0 gutters-col-v-md-0 gutters-col-v-2\">\n                          <!---->\n                          <div class=\"h-column h-column-container d-flex h-col-lg-auto h-col-md-auto h-col-auto align-self-lg-center align-self-md-center align-self-center style-2147-outer style-local-7246-c23-outer\">\n                            <div data-colibri-id=\"7246-c23\" class=\"d-flex h-flex-basis h-column__inner h-px-lg-0 h-px-md-0 h-px-0 v-inner-lg-0 v-inner-md-0 v-inner-0 style-2147 style-local-7246-c23 position-relative\">\n                              <!---->\n                              <!---->\n                              <div class=\"w-100 h-y-container h-column__content h-column__v-align flex-basis-100 align-self-lg-start align-self-md-start align-self-start\">\n                                <!---->\n                                <div data-colibri-id=\"7246-c24\" class=\"h-row-container gutters-row-lg-3 gutters-row-md-3 gutters-row-0 gutters-row-v-lg-3 gutters-row-v-md-3 gutters-row-v-3 style-2148 style-local-7246-c24 h-hide-md h-hide-sm position-relative\">\n                                  <!---->\n                                  <div class=\"h-row justify-content-lg-center justify-content-md-center justify-content-center align-items-lg-center align-items-md-center align-items-center gutters-col-lg-3 gutters-col-md-3 gutters-col-0 gutters-col-v-lg-3 gutters-col-v-md-3 gutters-col-v-3\">\n                                    <!---->\n                                    <div class=\"h-column h-column-container d-flex h-col-lg-auto h-col-md-auto h-col-auto align-self-lg-center align-self-md-center align-self-center style-2149-outer style-local-7246-c25-outer\">\n                                      <div data-colibri-id=\"7246-c25\" class=\"d-flex h-flex-basis h-column__inner h-px-lg-3 h-px-md-3 h-px-3 v-inner-lg-3 v-inner-md-3 v-inner-3 style-2149 style-local-7246-c25 position-relative\">\n                                        <!---->\n                                        <!---->\n                                        <div class=\"w-100 h-y-container h-column__content h-column__v-align flex-basis-100 align-self-lg-start align-self-md-start align-self-start\">\n                                          <!---->\n                                          <div data-colibri-id=\"7246-c26\" class=\"h-row-container gutters-row-lg-0 gutters-row-md-0 gutters-row-0 gutters-row-v-lg-0 gutters-row-v-md-0 gutters-row-v-0 style-2150 style-local-7246-c26 position-relative\">\n                                            <!---->\n                                            <div class=\"h-row justify-content-lg-center justify-content-md-center justify-content-center align-items-lg-stretch align-items-md-stretch align-items-stretch gutters-col-lg-0 gutters-col-md-0 gutters-col-0 gutters-col-v-lg-0 gutters-col-v-md-0 gutters-col-v-0\">\n                                              <!---->\n                                              <div class=\"h-column h-column-container d-flex h-col-lg-auto h-col-md-auto h-col-auto style-2151-outer style-local-7246-c27-outer\">\n                                                <div data-colibri-id=\"7246-c27\" class=\"d-flex h-flex-basis h-column__inner h-px-lg-0 h-px-md-0 h-px-0 v-inner-lg-0 v-inner-md-0 v-inner-0 style-2151 style-local-7246-c27 position-relative\">\n                                                  <!---->\n                                                  <!---->\n                                                  <div class=\"w-100 h-y-container h-column__content h-column__v-align flex-basis-100 align-self-lg-start align-self-md-start align-self-start\">\n                                                    <!---->\n                                                    <div data-colibri-id=\"7246-c28\" class=\"h-text h-text-component style-2152 style-local-7246-c28 position-relative h-element\">\n                                                      <!---->\n                                                      <!---->\n                                                      <div class=\"\">\n                                                        <p>Valoare energetic\u0103 <\/p>\n                                                        <p>Gr\u0103simi din care:&nbsp;&nbsp;&nbsp;&nbsp;&nbsp;&nbsp;&nbsp;&nbsp;&nbsp;&nbsp;&nbsp;&nbsp;&nbsp;&nbsp;&nbsp;&nbsp;&nbsp;&nbsp;<\/p>\n                                                        <p>Acizi gra\u0219i satura\u021bi&nbsp;&nbsp;&nbsp;&nbsp;&nbsp;&nbsp;&nbsp;&nbsp;&nbsp;&nbsp;&nbsp;&nbsp;&nbsp;&nbsp;&nbsp;<\/p>\n                                                        <p>Glucide din care&nbsp;&nbsp;&nbsp;&nbsp;&nbsp;&nbsp;&nbsp;&nbsp;<\/p>\n                                                        <p>Zaharuri&nbsp;&nbsp;&nbsp;&nbsp;&nbsp;&nbsp;&nbsp;&nbsp;&nbsp;&nbsp;&nbsp;&nbsp;&nbsp;&nbsp;&nbsp;&nbsp;&nbsp;&nbsp;&nbsp;&nbsp;&nbsp;&nbsp;&nbsp;&nbsp;&nbsp;&nbsp;&nbsp;&nbsp;&nbsp;&nbsp;&nbsp;&nbsp;&nbsp;&nbsp;&nbsp;&nbsp;&nbsp;&nbsp;&nbsp;&nbsp;&nbsp;&nbsp;&nbsp;&nbsp;&nbsp;&nbsp;&nbsp;&nbsp;&nbsp;&nbsp;&nbsp;&nbsp;&nbsp;&nbsp;&nbsp;&nbsp;<\/p>\n                                                        <p>Proteine&nbsp;&nbsp;&nbsp;&nbsp;&nbsp;&nbsp;&nbsp;&nbsp;&nbsp;&nbsp;&nbsp;&nbsp;&nbsp;&nbsp;&nbsp;&nbsp;&nbsp;&nbsp;&nbsp;&nbsp;&nbsp;&nbsp;&nbsp;&nbsp;&nbsp;&nbsp;&nbsp;&nbsp;&nbsp;&nbsp;&nbsp;&nbsp;&nbsp;&nbsp;&nbsp;&nbsp;&nbsp;&nbsp;&nbsp;&nbsp;&nbsp;&nbsp;&nbsp;&nbsp;<\/p>\n                                                        <p>Sare&nbsp;&nbsp;<\/p>\n                                                      <\/div>\n                                                    <\/div>\n                                                  <\/div>\n                                                <\/div>\n                                              <\/div>\n                                              <div class=\"h-column h-column-container d-flex h-col-lg-auto h-col-md-auto h-col-auto style-2153-outer style-local-7246-c29-outer\">\n                                                <div data-colibri-id=\"7246-c29\" class=\"d-flex h-flex-basis h-column__inner h-px-lg-0 h-px-md-0 h-px-0 v-inner-lg-0 v-inner-md-0 v-inner-0 style-2153 style-local-7246-c29 position-relative\">\n                                                  <!---->\n                                                  <!---->\n                                                  <div class=\"w-100 h-y-container h-column__content h-column__v-align flex-basis-100 align-self-lg-start align-self-md-start align-self-start\">\n                                                    <!---->\n                                                    <div data-colibri-id=\"7246-c30\" class=\"h-text h-text-component style-2154 style-local-7246-c30 position-relative h-element\">\n                                                      <!---->\n                                                      <!---->\n                                                      <div class=\"\">\n                                                        <p><span style=\"color: rgb(255, 255, 255); font-family: Lato; font-size: 16px; font-weight: 400;\">1803 kJ\/ 431 kcal<\/span><\/p>\n                                                        <p>24g<\/p>\n                                                        <p>12g<\/p>\n                                                        <p>47g<\/p>\n                                                        <p>19g<\/p>\n                                                        <p>6,7g<\/p>\n                                                        <p>0,43g<\/p>\n                                                      <\/div>\n                                                    <\/div>\n                                                  <\/div>\n                                                <\/div>\n                                              <\/div>\n                                            <\/div>\n                                          <\/div>\n                                        <\/div>\n                                      <\/div>\n                                    <\/div>\n                                  <\/div>\n                                <\/div>\n                              <\/div>\n                            <\/div>\n                          <\/div>\n                          <div class=\"h-column h-column-container d-flex h-col-lg-auto h-col-md-auto h-col-auto align-self-lg-center align-self-md-center align-self-center style-2155-outer style-local-7246-c31-outer\">\n                            <div data-colibri-id=\"7246-c31\" class=\"d-flex h-flex-basis h-column__inner h-ui-empty-state-container h-px-lg-0 h-px-md-0 h-px-0 v-inner-lg-0 v-inner-md-0 v-inner-0 style-2155 style-local-7246-c31 position-relative\">\n                              <!---->\n                              <!---->\n                              <div class=\"w-100 h-y-container h-column__content h-column__v-align flex-basis-100\">\n                                <!---->\n                              <\/div>\n                            <\/div>\n                          <\/div>\n                        <\/div>\n                      <\/div>\n                      <div data-colibri-id=\"7246-c32\" class=\"d-block style-2156 style-local-7246-c32 h-hide-lg position-relative h-element\">\n                        <!---->\n                        <div class=\"h-image__frame-container-outer\">\n                          <div class=\"h-image__frame-container\">\n                            <!---->\n                            <!---->\n                            <img loading=\"lazy\" decoding=\"async\" width=\"942\" height=\"494\" src=\"https:\/\/insoundminimal.ro\/elmas\/wp-content\/uploads\/2024\/03\/Screenshot-2024-03-23-at-2.12.26-PM.png\" class=\"wp-image-6023 style-2156-image style-local-7246-c32-image\" alt=\"\" srcset=\"https:\/\/elmasbakery.ro\/ro\/wp-content\/uploads\/2024\/03\/Screenshot-2024-03-23-at-2.12.26-PM.png 942w, https:\/\/elmasbakery.ro\/ro\/wp-content\/uploads\/2024\/03\/Screenshot-2024-03-23-at-2.12.26-PM-300x157.png 300w, https:\/\/elmasbakery.ro\/ro\/wp-content\/uploads\/2024\/03\/Screenshot-2024-03-23-at-2.12.26-PM-768x403.png 768w\" sizes=\"auto, (max-width: 942px) 100vw, 942px\" \/>\n                            <div class=\"h-image__frame h-hide-lg h-hide-md h-hide-sm style-2156-frameImage style-local-7246-c32-frameImage\"><\/div>\n                          <\/div>\n                        <\/div>\n                      <\/div>\n                    <\/div>\n                  <\/div>\n                <\/div>\n              <\/div>\n            <\/div>\n          <\/div>\n        <\/div>\n      <\/div>\n    <\/div>\n  <\/div>\n<\/div>","protected":false},"excerpt":{"rendered":"<p>Elmas Croissant CACAO Ingrediente Valori Nutri\u021bionale per 100g Ingrediente: Aluat: f\u0103in\u0103 alb\u0103 de gr\u00e2u, gr\u0103sime vegetal\u0103 de palmier, uleiuri vegetale (floarea-soarelui, bumbac, rapi\u021b\u0103) \u00een propor\u021bii variate, ap\u0103, zah\u0103r, sirop de glucoz\u0103, drojdie, emulsifian\u021bi (mono- \u0219i digliceride ale acizilor gra\u0219i), sare iodat\u0103, arom\u0103 (vanilin\u0103), conservan\u021bi (propionat de calciu, sorbat de potasiu, acid sorbic), corector de aciditate [&hellip;]<\/p>\n","protected":false},"author":1,"featured_media":0,"parent":0,"menu_order":0,"comment_status":"closed","ping_status":"closed","template":"page-templates\/full-width-page.php","meta":{"footnotes":""},"class_list":["post-7246","page","type-page","status-publish","hentry"],"_links":{"self":[{"href":"https:\/\/elmasbakery.ro\/ro\/wp-json\/wp\/v2\/pages\/7246","targetHints":{"allow":["GET"]}}],"collection":[{"href":"https:\/\/elmasbakery.ro\/ro\/wp-json\/wp\/v2\/pages"}],"about":[{"href":"https:\/\/elmasbakery.ro\/ro\/wp-json\/wp\/v2\/types\/page"}],"author":[{"embeddable":true,"href":"https:\/\/elmasbakery.ro\/ro\/wp-json\/wp\/v2\/users\/1"}],"replies":[{"embeddable":true,"href":"https:\/\/elmasbakery.ro\/ro\/wp-json\/wp\/v2\/comments?post=7246"}],"version-history":[{"count":3,"href":"https:\/\/elmasbakery.ro\/ro\/wp-json\/wp\/v2\/pages\/7246\/revisions"}],"predecessor-version":[{"id":7858,"href":"https:\/\/elmasbakery.ro\/ro\/wp-json\/wp\/v2\/pages\/7246\/revisions\/7858"}],"wp:attachment":[{"href":"https:\/\/elmasbakery.ro\/ro\/wp-json\/wp\/v2\/media?parent=7246"}],"curies":[{"name":"wp","href":"https:\/\/api.w.org\/{rel}","templated":true}]}}