{"id":6804,"date":"2024-04-21T11:16:33","date_gmt":"2024-04-21T11:16:33","guid":{"rendered":"https:\/\/insoundminimal.ro\/elmas\/pl\/?page_id=6804"},"modified":"2025-12-01T11:51:30","modified_gmt":"2025-12-01T11:51:30","slug":"elmas-duo-croissant","status":"publish","type":"page","link":"https:\/\/elmasbakery.ro\/pl\/elmas-duo-croissant\/","title":{"rendered":"ELMAS DUO CROISSANT"},"content":{"rendered":"<div data-colibri-id=\"6804-c1\" class=\"style-2079 style-local-6804-c1 position-relative\">\n  <!---->\n  <div data-colibri-component=\"section\" data-colibri-id=\"6804-c2\" id=\"reusable-sections-3\" class=\"h-section h-section-global-spacing d-flex align-items-lg-center align-items-md-center align-items-center style-2080 style-local-6804-c2 position-relative\">\n    <!---->\n    <!---->\n    <div class=\"h-section-grid-container h-section-fluid-container\">\n      <!---->\n      <div data-colibri-id=\"6804-c3\" class=\"h-row-container gutters-row-lg-0 gutters-row-md-0 gutters-row-0 gutters-row-v-lg-0 gutters-row-v-md-0 gutters-row-v-0 style-2081 style-local-6804-c3 position-relative\">\n        <!---->\n        <div class=\"h-row justify-content-lg-center justify-content-md-center justify-content-center align-items-lg-center align-items-md-center align-items-center gutters-col-lg-0 gutters-col-md-0 gutters-col-0 gutters-col-v-lg-0 gutters-col-v-md-0 gutters-col-v-0\">\n          <!---->\n          <div class=\"h-column h-column-container d-flex h-col-lg-auto h-col-md-auto h-col-auto align-self-lg-center align-self-md-center align-self-center style-2082-outer style-local-6804-c4-outer\">\n            <div data-colibri-id=\"6804-c4\" class=\"d-flex h-flex-basis h-column__inner h-px-lg-0 h-px-md-0 h-px-0 v-inner-lg-0 v-inner-md-0 v-inner-0 style-2082 style-local-6804-c4 position-relative\">\n              <!---->\n              <!---->\n              <div class=\"w-100 h-y-container h-column__content h-column__v-align flex-basis-100 align-self-lg-start align-self-md-start align-self-start\">\n                <!---->\n                <div data-colibri-id=\"6804-c5\" class=\"d-block style-2083 style-local-6804-c5 position-relative h-element\">\n                  <!---->\n                  <div class=\"h-image__frame-container-outer\">\n                    <div class=\"h-image__frame-container\">\n                      <!---->\n                      <!---->\n                      <img loading=\"lazy\" decoding=\"async\" width=\"1920\" height=\"1080\" src=\"https:\/\/elmasbakery.ro\/pl\/wp-content\/uploads\/2025\/09\/vanilie.jpg\" class=\"wp-image-7134 style-2083-image style-local-6804-c5-image\" alt=\"\" srcset=\"https:\/\/elmasbakery.ro\/pl\/wp-content\/uploads\/2025\/09\/vanilie.jpg 1920w, https:\/\/elmasbakery.ro\/pl\/wp-content\/uploads\/2025\/09\/vanilie-300x169.jpg 300w, https:\/\/elmasbakery.ro\/pl\/wp-content\/uploads\/2025\/09\/vanilie-1024x576.jpg 1024w, https:\/\/elmasbakery.ro\/pl\/wp-content\/uploads\/2025\/09\/vanilie-768x432.jpg 768w, https:\/\/elmasbakery.ro\/pl\/wp-content\/uploads\/2025\/09\/vanilie-1536x864.jpg 1536w\" sizes=\"auto, (max-width: 1920px) 100vw, 1920px\" \/>\n                      <div class=\"h-image__frame h-hide-lg h-hide-md h-hide-sm style-2083-frameImage style-local-6804-c5-frameImage\"><\/div>\n                    <\/div>\n                  <\/div>\n                <\/div>\n              <\/div>\n            <\/div>\n          <\/div>\n        <\/div>\n      <\/div>\n    <\/div>\n  <\/div>\n  <div data-colibri-component=\"section\" data-colibri-id=\"6804-c10\" id=\"reusable-sections-2\" class=\"h-section h-section-global-spacing d-flex align-items-lg-center align-items-md-center align-items-center style-2088 style-local-6804-c10 position-relative\">\n    <!---->\n    <!---->\n    <div class=\"h-section-grid-container h-section-boxed-container\">\n      <div data-colibri-id=\"6804-c33\" class=\"h-row-container gutters-row-lg-2 gutters-row-md-2 gutters-row-2 gutters-row-v-lg-2 gutters-row-v-md-2 gutters-row-v-2 style-2111 style-local-6804-c33 position-relative\">\n        <!---->\n        <div class=\"h-row justify-content-lg-center justify-content-md-center justify-content-center align-items-lg-stretch align-items-md-stretch align-items-stretch gutters-col-lg-2 gutters-col-md-2 gutters-col-2 gutters-col-v-lg-2 gutters-col-v-md-2 gutters-col-v-2\">\n          <!---->\n          <div class=\"h-column h-column-container d-flex h-col-lg-auto h-col-md-auto h-col-auto style-2112-outer style-local-6804-c34-outer\">\n            <div data-colibri-id=\"6804-c34\" class=\"d-flex h-flex-basis h-column__inner h-px-lg-2 h-px-md-2 h-px-2 v-inner-lg-2 v-inner-md-2 v-inner-2 style-2112 style-local-6804-c34 position-relative\">\n              <!---->\n              <!---->\n              <div class=\"w-100 h-y-container h-column__content h-column__v-align flex-basis-100 align-self-lg-start align-self-md-start align-self-start\">\n                <!---->\n                <div data-colibri-id=\"6804-c35\" class=\"h-global-transition-all h-heading style-2113 style-local-6804-c35 position-relative h-element\">\n                  <!---->\n                  <div class=\"h-heading__outer style-2113 style-local-6804-c35\">\n                    <!---->\n                    <!---->\n                    <h2 class=\"\">Elmas Duo Croissant<\/h2>\n                  <\/div>\n                <\/div>\n                <div data-colibri-id=\"6804-c36\" class=\"h-lead h-text h-text-component style-2114 style-local-6804-c36 position-relative h-element\">\n                  <!---->\n                  <!---->\n                  <div class=\"\">\n                    <h2><strong>KAKAOWY I WANILIOWY<\/strong><\/h2>\n                  <\/div>\n                <\/div>\n              <\/div>\n            <\/div>\n          <\/div>\n        <\/div>\n      <\/div>\n      <div data-colibri-id=\"6804-c11\" class=\"h-row-container gutters-row-lg-2 gutters-row-md-2 gutters-row-0 gutters-row-v-lg-2 gutters-row-v-md-2 gutters-row-v-2 style-2089 style-local-6804-c11 position-relative\">\n        <!---->\n        <div class=\"h-row justify-content-lg-center justify-content-md-center justify-content-center align-items-lg-stretch align-items-md-stretch align-items-stretch gutters-col-lg-2 gutters-col-md-2 gutters-col-0 gutters-col-v-lg-2 gutters-col-v-md-2 gutters-col-v-2\">\n          <!---->\n          <div class=\"h-column h-column-container d-flex h-col-lg-auto h-col-md-auto h-col-auto style-2090-outer style-local-6804-c12-outer\">\n            <div data-colibri-id=\"6804-c12\" class=\"d-flex h-flex-basis h-column__inner h-px-lg-2 h-px-md-2 h-px-2 v-inner-lg-2 v-inner-md-2 v-inner-2 style-2090 style-local-6804-c12 position-relative\">\n              <!---->\n              <!---->\n              <div class=\"w-100 h-y-container h-column__content h-column__v-align flex-basis-100 align-self-lg-start align-self-md-start align-self-start\">\n                <!---->\n                <div data-colibri-component=\"tabs\" data-colibri-id=\"6804-c13\" class=\"h-tabs h-tabs-horizontal h-tabs--horizontal--auto-lg h-tabs--horizontal--auto-md h-tabs--horizontal--full h-tabs h-tabs-horizontal h-tabs--horizontal--auto-lg h-tabs--horizontal--auto-md h-tabs--horizontal--full style-2091 style-local-6804-c13 position-relative h-element\">\n                  <!---->\n                  <div class=\"h-tabs-navigation d-flex h-tabs-navigation-horizontal\">\n                    <a href=\"#skladniki\" class=\"h-tabs-navigation-item d-flex align-items-center h-global-transition h-tabs-navigation-active-item h-custom-active-state\" rel=\"#skladniki\">\n                      <!----><span class=\"h-tabs-navigation-item__text\">Sk\u0142adniki<\/span><\/a>\n                    <a href=\"#srednie-wartosci-odzywcze\" class=\"h-tabs-navigation-item d-flex align-items-center h-global-transition\" rel=\"#srednie-wartosci-odzywcze\">\n                      <!----><span class=\"h-tabs-navigation-item__text\">\u015arednie warto\u015bci od\u017cywcze<\/span><\/a>\n                  <\/div>\n                  <div id=\"skladniki\" skip-smooth-scroll=\"true\" skip-scroll-spy=\"true\" data-colibri-id=\"6804-c14\" class=\"h-tabs-item-content h-tabs-item h-tabs-content-horizontal h-tabs-content-6804-c14 style-2092 style-local-6804-c14 position-relative h-element h-tabs-content-active\">\n                    <!---->\n                    <div class=\"w-100 h-y-container\">\n                      <!---->\n                      <div data-colibri-id=\"6804-c15\" class=\"h-row-container gutters-row-lg-0 gutters-row-md-0 gutters-row-2 gutters-row-v-lg-0 gutters-row-v-md-0 gutters-row-v-2 style-2093 style-local-6804-c15 position-relative\">\n                        <!---->\n                        <div class=\"h-row justify-content-lg-center justify-content-md-center justify-content-center align-items-lg-center align-items-md-center align-items-center gutters-col-lg-0 gutters-col-md-0 gutters-col-2 gutters-col-v-lg-0 gutters-col-v-md-0 gutters-col-v-2\">\n                          <!---->\n                          <div class=\"h-column h-column-container d-flex h-col-lg-auto h-col-md-auto h-col-auto align-self-lg-center align-self-md-center align-self-center style-2094-outer style-local-6804-c16-outer\">\n                            <div data-colibri-id=\"6804-c16\" class=\"d-flex h-flex-basis h-column__inner h-px-lg-2 h-px-md-2 h-px-2 v-inner-lg-2 v-inner-md-2 v-inner-2 style-2094 style-local-6804-c16 position-relative\">\n                              <!---->\n                              <!---->\n                              <div class=\"w-100 h-y-container h-column__content h-column__v-align flex-basis-100 align-self-lg-start align-self-md-start align-self-start\">\n                                <!---->\n                                <div data-colibri-id=\"6804-c17\" class=\"h-text h-text-component style-2095 style-local-6804-c17 position-relative h-element\">\n                                  <!---->\n                                  <!---->\n                                  <div class=\"\">\n                                    <p>Sk\u0142adniki: Ciasto: m\u0105ka pszenna bia\u0142a, ro\u015blinny t\u0142uszcz palmowy, oleje ro\u015blinne (s\u0142onecznikowy, bawe\u0142niany, rzepakowy) w r\u00f3\u017cnych proporcjach, woda, cukier, syrop glukozowy, dro\u017cd\u017ce, emulgatory (mono- i diglicerydy kwas\u00f3w\n                                      t\u0142uszczowych), s\u00f3l jodowana, aromat (wanilina), konserwanty (propionian wapnia, sorbinian potasu, kwas sorbowy), regulator kwasowo\u015bci (kwas cytrynowy). Nadzienie kakaowe 15% [cukier, ro\u015blinny olej palmowy, woda, 7%\n                                      kakao w proszku o obni\u017conej zawarto\u015bci t\u0142uszczu, mleko w proszku odt\u0142uszczone, alkohol etylowy, emulgator (polirycynooleinian poliglicerolu), aromat (wanilina), konserwant (sorbinian potasu), stabilizator (alginian\n                                      sodu), regulator kwasowo\u015bci (kwas cytrynowy)]. Nadzienie o smaku waniliowym 15% [cukier, olej palmowy, woda, odt\u0142uszczone mleko w proszku, dekstroza, alkohol etylowy, emulgatory (estry poliglicerynowe kwas\u00f3w t\u0142uszczowych),\n                                      proszek jajeczny, regulatory kwasowo\u015bci (difosforany, kwas fosforowy), substancja zag\u0119szczaj\u0105ca (karboksymetyloceluloza sodowa), substancja konserwuj\u0105ca (sorbinian potasu), aromat waniliowy 0,1%]. Mo\u017ce zawiera\u0107 \u015bladowe\n                                      ilo\u015bci: soi, orzech\u00f3w i produkt\u00f3w pochodnych. <strong> <\/strong><\/p>\n                                  <\/div>\n                                <\/div>\n                              <\/div>\n                            <\/div>\n                          <\/div>\n                          <div class=\"h-column h-column-container d-flex h-col-lg-auto h-col-md-auto h-col-auto align-self-lg-center align-self-md-center align-self-center style-2096-outer style-local-6804-c18-outer\">\n                            <div data-colibri-id=\"6804-c18\" class=\"d-flex h-flex-basis h-column__inner h-ui-empty-state-container h-px-lg-2 h-px-md-2 h-px-2 v-inner-lg-2 v-inner-md-2 v-inner-2 style-2096 style-local-6804-c18 position-relative\">\n                              <!---->\n                              <!---->\n                              <div class=\"w-100 h-y-container h-column__content h-column__v-align flex-basis-100\">\n                                <!---->\n                              <\/div>\n                            <\/div>\n                          <\/div>\n                        <\/div>\n                      <\/div>\n                      <div data-colibri-id=\"6804-c19\" class=\"h-x-container style-2097 style-local-6804-c19 position-relative h-element\">\n                        <!---->\n                        <div class=\"h-x-container-inner style-dynamic-6804-c19-group style-2097-spacing style-local-6804-c19-spacing\"><span class=\"h-button__outer style-2098-outer style-local-6804-c20-outer d-inline-flex h-element\"><a h-use-smooth-scroll=\"true\" href=\"https:\/\/elmasbakery.ro\/pl\/our-products\/\"  data-colibri-id=\"6804-c20\" class=\"d-flex w-100 align-items-center h-button justify-content-lg-center justify-content-md-center justify-content-center style-2098 style-local-6804-c20 position-relative\"><!----><!----> <span>BACK TO ALL PRODUCTS<\/span><\/a>\n                          <\/span>\n                        <\/div>\n                      <\/div>\n                    <\/div>\n                  <\/div>\n                  <div id=\"srednie-wartosci-odzywcze\" skip-smooth-scroll=\"true\" skip-scroll-spy=\"true\" data-colibri-id=\"6804-c21\" class=\"h-tabs-item-content h-tabs-item h-tabs-content-horizontal h-tabs-content-6804-c21 style-2099 style-local-6804-c21 position-relative h-element hide\">\n                    <!---->\n                    <div class=\"w-100 h-y-container\">\n                      <!---->\n                      <div data-colibri-id=\"6804-c22\" class=\"h-row-container gutters-row-lg-1 gutters-row-md-1 gutters-row-2 gutters-row-v-lg-1 gutters-row-v-md-1 gutters-row-v-2 style-2100 style-local-6804-c22 position-relative\">\n                        <!---->\n                        <div class=\"h-row justify-content-lg-center justify-content-md-center justify-content-center align-items-lg-center align-items-md-center align-items-center gutters-col-lg-1 gutters-col-md-1 gutters-col-2 gutters-col-v-lg-1 gutters-col-v-md-1 gutters-col-v-2\">\n                          <!---->\n                          <div class=\"h-column h-column-container d-flex h-col-lg-auto h-col-md-auto h-col-auto align-self-lg-center align-self-md-center align-self-center style-2101-outer style-local-6804-c23-outer\">\n                            <div data-colibri-id=\"6804-c23\" class=\"d-flex h-flex-basis h-column__inner h-px-lg-0 h-px-md-0 h-px-0 v-inner-lg-0 v-inner-md-0 v-inner-0 style-2101 style-local-6804-c23 position-relative\">\n                              <!---->\n                              <!---->\n                              <div class=\"w-100 h-y-container h-column__content h-column__v-align flex-basis-100 align-self-lg-start align-self-md-start align-self-start\">\n                                <!---->\n                                <div data-colibri-id=\"6804-c24\" class=\"h-row-container gutters-row-lg-3 gutters-row-md-3 gutters-row-0 gutters-row-v-lg-3 gutters-row-v-md-3 gutters-row-v-3 style-2102 style-local-6804-c24 h-hide-md h-hide-sm position-relative\">\n                                  <!---->\n                                  <div class=\"h-row justify-content-lg-center justify-content-md-center justify-content-center align-items-lg-stretch align-items-md-stretch align-items-stretch gutters-col-lg-3 gutters-col-md-3 gutters-col-0 gutters-col-v-lg-3 gutters-col-v-md-3 gutters-col-v-3\">\n                                    <!---->\n                                    <div class=\"h-column h-column-container d-flex h-col-lg-auto h-col-md-auto h-col-auto style-2103-outer style-local-6804-c25-outer\">\n                                      <div data-colibri-id=\"6804-c25\" class=\"d-flex h-flex-basis h-column__inner h-px-lg-3 h-px-md-3 h-px-3 v-inner-lg-3 v-inner-md-3 v-inner-3 style-2103 style-local-6804-c25 position-relative\">\n                                        <!---->\n                                        <!---->\n                                        <div class=\"w-100 h-y-container h-column__content h-column__v-align flex-basis-100 align-self-lg-start align-self-md-start align-self-start\">\n                                          <!---->\n                                          <div data-colibri-id=\"6804-c26\" class=\"h-row-container gutters-row-lg-0 gutters-row-md-0 gutters-row-0 gutters-row-v-lg-0 gutters-row-v-md-0 gutters-row-v-0 style-2104 style-local-6804-c26 position-relative\">\n                                            <!---->\n                                            <div class=\"h-row justify-content-lg-center justify-content-md-center justify-content-center align-items-lg-stretch align-items-md-stretch align-items-stretch gutters-col-lg-0 gutters-col-md-0 gutters-col-0 gutters-col-v-lg-0 gutters-col-v-md-0 gutters-col-v-0\">\n                                              <!---->\n                                              <div class=\"h-column h-column-container d-flex h-col-lg-auto h-col-md-auto h-col-auto style-2105-outer style-local-6804-c27-outer\">\n                                                <div data-colibri-id=\"6804-c27\" class=\"d-flex h-flex-basis h-column__inner h-px-lg-0 h-px-md-0 h-px-0 v-inner-lg-0 v-inner-md-0 v-inner-0 style-2105 style-local-6804-c27 position-relative\">\n                                                  <!---->\n                                                  <!---->\n                                                  <div class=\"w-100 h-y-container h-column__content h-column__v-align flex-basis-100 align-self-lg-start align-self-md-start align-self-start\">\n                                                    <!---->\n                                                    <div data-colibri-id=\"6804-c28\" class=\"h-text h-text-component style-2106 style-local-6804-c28 position-relative h-element\">\n                                                      <!---->\n                                                      <!---->\n                                                      <div class=\"\">\n                                                        <p>Warto\u015b\u0107 energetyczna<\/p>\n                                                        <p>T\u0142uszcze z czego:<\/p>\n                                                        <p>Nasycone kwasy t\u0142uszczowe<\/p>\n                                                        <p>W\u0119glowodany z czego:<\/p>\n                                                        <p>Cukry<\/p>\n                                                        <p>Bia\u0142ko<\/p>\n                                                        <p>S\u00f3l<\/p>\n                                                      <\/div>\n                                                    <\/div>\n                                                  <\/div>\n                                                <\/div>\n                                              <\/div>\n                                              <div class=\"h-column h-column-container d-flex h-col-lg-auto h-col-md-auto h-col-auto style-2107-outer style-local-6804-c29-outer\">\n                                                <div data-colibri-id=\"6804-c29\" class=\"d-flex h-flex-basis h-column__inner h-px-lg-0 h-px-md-0 h-px-0 v-inner-lg-0 v-inner-md-0 v-inner-0 style-2107 style-local-6804-c29 position-relative\">\n                                                  <!---->\n                                                  <!---->\n                                                  <div class=\"w-100 h-y-container h-column__content h-column__v-align flex-basis-100 align-self-lg-start align-self-md-start align-self-start\">\n                                                    <!---->\n                                                    <div data-colibri-id=\"6804-c30\" class=\"h-text h-text-component style-2108 style-local-6804-c30 position-relative h-element\">\n                                                      <!---->\n                                                      <!---->\n                                                      <div class=\"\">\n                                                        <p>1802 kJ\/ 431 kcal<\/p>\n                                                        <p>24g<\/p>\n                                                        <p>12g<\/p>\n                                                        <p>47g<\/p>\n                                                        <p>17g<\/p>\n                                                        <p>6,9g<\/p>\n                                                        <p>0,48g<\/p>\n                                                      <\/div>\n                                                    <\/div>\n                                                  <\/div>\n                                                <\/div>\n                                              <\/div>\n                                            <\/div>\n                                          <\/div>\n                                        <\/div>\n                                      <\/div>\n                                    <\/div>\n                                  <\/div>\n                                <\/div>\n                              <\/div>\n                            <\/div>\n                          <\/div>\n                          <div class=\"h-column h-column-container d-flex h-col-lg-auto h-col-md-auto h-col-auto align-self-lg-center align-self-md-center align-self-center style-2109-outer style-local-6804-c31-outer\">\n                            <div data-colibri-id=\"6804-c31\" class=\"d-flex h-flex-basis h-column__inner h-ui-empty-state-container h-px-lg-2 h-px-md-2 h-px-2 v-inner-lg-2 v-inner-md-2 v-inner-2 style-2109 style-local-6804-c31 position-relative\">\n                              <!---->\n                              <!---->\n                              <div class=\"w-100 h-y-container h-column__content h-column__v-align flex-basis-100\">\n                                <!---->\n                              <\/div>\n                            <\/div>\n                          <\/div>\n                        <\/div>\n                      <\/div>\n                      <div data-colibri-id=\"6804-c32\" class=\"d-block style-2110 style-local-6804-c32 h-hide-lg position-relative h-element\">\n                        <!---->\n                        <div class=\"h-image__frame-container-outer\">\n                          <div class=\"h-image__frame-container\">\n                            <!---->\n                            <!---->\n                            <img loading=\"lazy\" decoding=\"async\" width=\"910\" height=\"474\" src=\"https:\/\/insoundminimal.ro\/elmas\/wp-content\/uploads\/2024\/03\/Screenshot-2024-03-23-at-2.23.22-PM.png\" class=\"wp-image-6047 style-2110-image style-local-6804-c32-image\" alt=\"\" srcset=\"https:\/\/elmasbakery.ro\/pl\/wp-content\/uploads\/2024\/03\/Screenshot-2024-03-23-at-2.23.22-PM.png 910w, https:\/\/elmasbakery.ro\/pl\/wp-content\/uploads\/2024\/03\/Screenshot-2024-03-23-at-2.23.22-PM-300x156.png 300w, https:\/\/elmasbakery.ro\/pl\/wp-content\/uploads\/2024\/03\/Screenshot-2024-03-23-at-2.23.22-PM-768x400.png 768w\" sizes=\"auto, (max-width: 910px) 100vw, 910px\" \/>\n                            <div class=\"h-image__frame h-hide-lg h-hide-md h-hide-sm style-2110-frameImage style-local-6804-c32-frameImage\"><\/div>\n                          <\/div>\n                        <\/div>\n                      <\/div>\n                    <\/div>\n                  <\/div>\n                <\/div>\n              <\/div>\n            <\/div>\n          <\/div>\n        <\/div>\n      <\/div>\n    <\/div>\n  <\/div>\n<\/div>","protected":false},"excerpt":{"rendered":"<p>Elmas Duo Croissant KAKAOWY I WANILIOWY Sk\u0142adniki \u015arednie warto\u015bci od\u017cywcze Sk\u0142adniki: Ciasto: m\u0105ka pszenna bia\u0142a, ro\u015blinny t\u0142uszcz palmowy, oleje ro\u015blinne (s\u0142onecznikowy, bawe\u0142niany, rzepakowy) w r\u00f3\u017cnych proporcjach, woda, cukier, syrop glukozowy, dro\u017cd\u017ce, emulgatory (mono- i diglicerydy kwas\u00f3w t\u0142uszczowych), s\u00f3l jodowana, aromat (wanilina), konserwanty (propionian wapnia, sorbinian potasu, kwas sorbowy), regulator kwasowo\u015bci (kwas cytrynowy). Nadzienie kakaowe 15% [&hellip;]<\/p>\n","protected":false},"author":1,"featured_media":0,"parent":0,"menu_order":0,"comment_status":"closed","ping_status":"closed","template":"page-templates\/full-width-page.php","meta":{"footnotes":""},"class_list":["post-6804","page","type-page","status-publish","hentry"],"_links":{"self":[{"href":"https:\/\/elmasbakery.ro\/pl\/wp-json\/wp\/v2\/pages\/6804","targetHints":{"allow":["GET"]}}],"collection":[{"href":"https:\/\/elmasbakery.ro\/pl\/wp-json\/wp\/v2\/pages"}],"about":[{"href":"https:\/\/elmasbakery.ro\/pl\/wp-json\/wp\/v2\/types\/page"}],"author":[{"embeddable":true,"href":"https:\/\/elmasbakery.ro\/pl\/wp-json\/wp\/v2\/users\/1"}],"replies":[{"embeddable":true,"href":"https:\/\/elmasbakery.ro\/pl\/wp-json\/wp\/v2\/comments?post=6804"}],"version-history":[{"count":7,"href":"https:\/\/elmasbakery.ro\/pl\/wp-json\/wp\/v2\/pages\/6804\/revisions"}],"predecessor-version":[{"id":7921,"href":"https:\/\/elmasbakery.ro\/pl\/wp-json\/wp\/v2\/pages\/6804\/revisions\/7921"}],"wp:attachment":[{"href":"https:\/\/elmasbakery.ro\/pl\/wp-json\/wp\/v2\/media?parent=6804"}],"curies":[{"name":"wp","href":"https:\/\/api.w.org\/{rel}","templated":true}]}}