{"id":3120,"date":"2023-11-25T15:35:27","date_gmt":"2023-11-25T15:35:27","guid":{"rendered":"https:\/\/insoundminimal.ro\/elmas\/pl\/?page_id=3120"},"modified":"2025-12-01T12:09:36","modified_gmt":"2025-12-01T12:09:36","slug":"elmas-max-croissant-2","status":"publish","type":"page","link":"https:\/\/elmasbakery.ro\/pl\/elmas-max-croissant-2\/","title":{"rendered":"ELMAS MAX CROISSANT"},"content":{"rendered":"<div data-colibri-id=\"3120-c1\" class=\"style-1241 style-local-3120-c1 position-relative\">\n  <!---->\n  <div data-colibri-component=\"section\" data-colibri-id=\"3120-c2\" id=\"reusable-sections-2\" class=\"h-section h-section-global-spacing d-flex align-items-lg-center align-items-md-center align-items-center style-1860 style-local-3120-c2 position-relative\">\n    <!---->\n    <!---->\n    <div class=\"h-section-grid-container h-section-fluid-container\">\n      <!---->\n      <div data-colibri-id=\"3120-c3\" class=\"h-row-container gutters-row-lg-0 gutters-row-md-0 gutters-row-0 gutters-row-v-lg-0 gutters-row-v-md-0 gutters-row-v-0 style-1861 style-local-3120-c3 position-relative\">\n        <!---->\n        <div class=\"h-row justify-content-lg-center justify-content-md-center justify-content-center align-items-lg-center align-items-md-center align-items-center gutters-col-lg-0 gutters-col-md-0 gutters-col-0 gutters-col-v-lg-0 gutters-col-v-md-0 gutters-col-v-0\">\n          <!---->\n          <div class=\"h-column h-column-container d-flex h-col-lg-auto h-col-md-auto h-col-auto align-self-lg-center align-self-md-center align-self-center style-1862-outer style-local-3120-c4-outer\">\n            <div data-colibri-id=\"3120-c4\" class=\"d-flex h-flex-basis h-column__inner h-px-lg-0 h-px-md-0 h-px-0 v-inner-lg-0 v-inner-md-0 v-inner-0 style-1862 style-local-3120-c4 position-relative\">\n              <!---->\n              <!---->\n              <div class=\"w-100 h-y-container h-column__content h-column__v-align flex-basis-100 align-self-lg-start align-self-md-start align-self-start\">\n                <!---->\n                <div data-colibri-id=\"3120-c5\" class=\"d-block style-1863 style-local-3120-c5 position-relative h-element\">\n                  <!---->\n                  <div class=\"h-image__frame-container-outer\">\n                    <div class=\"h-image__frame-container\">\n                      <!---->\n                      <!---->\n                      <img loading=\"lazy\" decoding=\"async\" width=\"1920\" height=\"1080\" src=\"https:\/\/elmasbakery.ro\/pl\/wp-content\/uploads\/2025\/09\/header-caramel.jpg\" class=\"wp-image-7183 style-1863-image style-local-3120-c5-image\" alt=\"\" srcset=\"https:\/\/elmasbakery.ro\/pl\/wp-content\/uploads\/2025\/09\/header-caramel.jpg 1920w, https:\/\/elmasbakery.ro\/pl\/wp-content\/uploads\/2025\/09\/header-caramel-300x169.jpg 300w, https:\/\/elmasbakery.ro\/pl\/wp-content\/uploads\/2025\/09\/header-caramel-1024x576.jpg 1024w, https:\/\/elmasbakery.ro\/pl\/wp-content\/uploads\/2025\/09\/header-caramel-768x432.jpg 768w, https:\/\/elmasbakery.ro\/pl\/wp-content\/uploads\/2025\/09\/header-caramel-1536x864.jpg 1536w\" sizes=\"auto, (max-width: 1920px) 100vw, 1920px\" \/>\n                      <div class=\"h-image__frame h-hide-lg h-hide-md h-hide-sm style-1863-frameImage style-local-3120-c5-frameImage\"><\/div>\n                    <\/div>\n                  <\/div>\n                <\/div>\n              <\/div>\n            <\/div>\n          <\/div>\n        <\/div>\n      <\/div>\n    <\/div>\n  <\/div>\n  <div data-colibri-component=\"section\" data-colibri-id=\"3120-c10\" id=\"reusable-sections-3\" class=\"h-section h-section-global-spacing d-flex align-items-lg-center align-items-md-center align-items-center style-1868 style-local-3120-c10 position-relative\">\n    <!---->\n    <!---->\n    <div class=\"h-section-grid-container h-section-boxed-container\">\n      <div data-colibri-id=\"3120-c33\" class=\"h-row-container gutters-row-lg-2 gutters-row-md-2 gutters-row-2 gutters-row-v-lg-2 gutters-row-v-md-2 gutters-row-v-2 style-1893 style-local-3120-c33 position-relative\">\n        <!---->\n        <div class=\"h-row justify-content-lg-center justify-content-md-center justify-content-center align-items-lg-stretch align-items-md-stretch align-items-stretch gutters-col-lg-2 gutters-col-md-2 gutters-col-2 gutters-col-v-lg-2 gutters-col-v-md-2 gutters-col-v-2\">\n          <!---->\n          <div class=\"h-column h-column-container d-flex h-col-lg-auto h-col-md-auto h-col-auto style-1894-outer style-local-3120-c34-outer\">\n            <div data-colibri-id=\"3120-c34\" class=\"d-flex h-flex-basis h-column__inner h-px-lg-2 h-px-md-2 h-px-2 v-inner-lg-2 v-inner-md-2 v-inner-2 style-1894 style-local-3120-c34 position-relative\">\n              <!---->\n              <!---->\n              <div class=\"w-100 h-y-container h-column__content h-column__v-align flex-basis-100 align-self-lg-start align-self-md-start align-self-start\">\n                <!---->\n                <div data-colibri-id=\"3120-c35\" class=\"h-global-transition-all h-heading style-1895 style-local-3120-c35 position-relative h-element\">\n                  <!---->\n                  <div class=\"h-heading__outer style-1895 style-local-3120-c35\">\n                    <!---->\n                    <!---->\n                    <h2 class=\"\">Elmas XL Croissant<\/h2>\n                  <\/div>\n                <\/div>\n                <div data-colibri-id=\"3120-c36\" class=\"h-lead h-text h-text-component style-1896 style-local-3120-c36 position-relative h-element\">\n                  <!---->\n                  <!---->\n                  <div class=\"\">\n                    <h2><strong>S\u0141ONEGO KARMELU<\/strong><\/h2>\n                  <\/div>\n                <\/div>\n              <\/div>\n            <\/div>\n          <\/div>\n        <\/div>\n      <\/div>\n      <div data-colibri-id=\"3120-c11\" class=\"h-row-container gutters-row-lg-2 gutters-row-md-2 gutters-row-0 gutters-row-v-lg-2 gutters-row-v-md-2 gutters-row-v-2 style-1873 style-local-3120-c11 position-relative\">\n        <!---->\n        <div class=\"h-row justify-content-lg-center justify-content-md-center justify-content-center align-items-lg-stretch align-items-md-stretch align-items-stretch gutters-col-lg-2 gutters-col-md-2 gutters-col-0 gutters-col-v-lg-2 gutters-col-v-md-2 gutters-col-v-2\">\n          <!---->\n          <div class=\"h-column h-column-container d-flex h-col-lg-auto h-col-md-auto h-col-auto style-1874-outer style-local-3120-c12-outer\">\n            <div data-colibri-id=\"3120-c12\" class=\"d-flex h-flex-basis h-column__inner h-px-lg-2 h-px-md-2 h-px-2 v-inner-lg-2 v-inner-md-2 v-inner-2 style-1874 style-local-3120-c12 position-relative\">\n              <!---->\n              <!---->\n              <div class=\"w-100 h-y-container h-column__content h-column__v-align flex-basis-100 align-self-lg-start align-self-md-start align-self-start\">\n                <!---->\n                <div data-colibri-component=\"tabs\" data-colibri-id=\"3120-c13\" class=\"h-tabs h-tabs-horizontal h-tabs--horizontal--auto-lg h-tabs--horizontal--auto-md h-tabs--horizontal--full h-tabs h-tabs-horizontal h-tabs--horizontal--auto-lg h-tabs--horizontal--auto-md h-tabs--horizontal--full style-1875 style-local-3120-c13 position-relative h-element\">\n                  <!---->\n                  <div class=\"h-tabs-navigation d-flex h-tabs-navigation-horizontal\">\n                    <a href=\"#skladniki\" class=\"h-tabs-navigation-item d-flex align-items-center h-global-transition h-tabs-navigation-active-item h-custom-active-state\" rel=\"#skladniki\">\n                      <!----><span class=\"h-tabs-navigation-item__text\">Sk\u0142adniki<\/span><\/a>\n                    <a href=\"#srednie-wartosci-odzywcze\" class=\"h-tabs-navigation-item d-flex align-items-center h-global-transition\" rel=\"#srednie-wartosci-odzywcze\">\n                      <!----><span class=\"h-tabs-navigation-item__text\">\u015arednie warto\u015bci od\u017cywcze<\/span><\/a>\n                  <\/div>\n                  <div id=\"skladniki\" skip-smooth-scroll=\"true\" skip-scroll-spy=\"true\" data-colibri-id=\"3120-c14\" class=\"h-tabs-item-content h-tabs-item h-tabs-content-horizontal h-tabs-content-3120-c14 style-1876 style-local-3120-c14 position-relative h-element h-tabs-content-active\">\n                    <!---->\n                    <div class=\"w-100 h-y-container\">\n                      <!---->\n                      <div data-colibri-id=\"3120-c15\" class=\"h-row-container gutters-row-lg-0 gutters-row-md-0 gutters-row-2 gutters-row-v-lg-0 gutters-row-v-md-0 gutters-row-v-2 style-1877 style-local-3120-c15 position-relative\">\n                        <!---->\n                        <div class=\"h-row justify-content-lg-center justify-content-md-center justify-content-center align-items-lg-center align-items-md-center align-items-center gutters-col-lg-0 gutters-col-md-0 gutters-col-2 gutters-col-v-lg-0 gutters-col-v-md-0 gutters-col-v-2\">\n                          <!---->\n                          <div class=\"h-column h-column-container d-flex h-col-lg-auto h-col-md-auto h-col-auto align-self-lg-center align-self-md-center align-self-center style-1878-outer style-local-3120-c16-outer\">\n                            <div data-colibri-id=\"3120-c16\" class=\"d-flex h-flex-basis h-column__inner h-px-lg-2 h-px-md-2 h-px-2 v-inner-lg-2 v-inner-md-2 v-inner-2 style-1878 style-local-3120-c16 position-relative\">\n                              <!---->\n                              <!---->\n                              <div class=\"w-100 h-y-container h-column__content h-column__v-align flex-basis-100 align-self-lg-start align-self-md-start align-self-start\">\n                                <!---->\n                                <div data-colibri-id=\"3120-c17\" class=\"h-text h-text-component style-1880 style-local-3120-c17 position-relative h-element\">\n                                  <!---->\n                                  <!---->\n                                  <div class=\"\">\n                                    <p>Sk\u0142adniki: Ciasto: m\u0105ka <strong>pszenna<\/strong> bia\u0142a,&nbsp;ro\u015blinny t\u0142uszcz palmowy, oleje ro\u015blinne (s\u0142onecznikowy, bawe\u0142niany, rzepakowy) w r\u00f3\u017cnych proporcjach, woda, cukier, syrop glukozowy, dro\u017cd\u017ce, emulgatory&nbsp;(mono-\n                                      i diglicerydy&nbsp;kwas\u00f3w t\u0142uszczowych), s\u00f3l jodowana, aromat (wanilina), konserwanty (propionian wapnia, sorbinian potasu, kwas sorbowy), regulator kwasowo\u015bci (kwas cytrynowy). Nadzienie o smaku s\u0142onego karmelu 33%\n                                      [cukier, syrop glukozowy, woda, <strong>mleko<\/strong> skondensowane, <strong>mleko<\/strong> w proszku pe\u0142not\u0142uste, olej kokosowy, skrobia modyfikowana, cukier karmelizowany (cukier, woda) (1,4%), s\u00f3l jodowana, substancja\n                                      zakwaszaj\u0105ca (kwas winowy), stabilizator (agar-agar), konserwant (sorbinian potasu), aromat]. Mo\u017ce zawiera\u0107 \u015bladowe ilo\u015bci: <strong>jaj, soja, orzech\u00f3w <\/strong>&nbsp;i<strong> produkt\u00f3w pochodnych<\/strong>.\n                                      <strong\n                                        style=\"color: rgb(51, 51, 51); font-family: Lato; font-size: 16px; font-weight: 400;\"> <\/strong>\n                                    <\/p>\n                                  <\/div>\n                                <\/div>\n                              <\/div>\n                            <\/div>\n                          <\/div>\n                          <div class=\"h-column h-column-container d-flex h-col-lg-auto h-col-md-auto h-col-auto align-self-lg-center align-self-md-center align-self-center style-1881-outer style-local-3120-c18-outer\">\n                            <div data-colibri-id=\"3120-c18\" class=\"d-flex h-flex-basis h-column__inner h-ui-empty-state-container h-px-lg-2 h-px-md-2 h-px-2 v-inner-lg-2 v-inner-md-2 v-inner-2 style-1881 style-local-3120-c18 position-relative\">\n                              <!---->\n                              <!---->\n                              <div class=\"w-100 h-y-container h-column__content h-column__v-align flex-basis-100\">\n                                <!---->\n                              <\/div>\n                            <\/div>\n                          <\/div>\n                        <\/div>\n                      <\/div>\n                      <div data-colibri-id=\"3120-c19\" class=\"h-x-container style-1871 style-local-3120-c19 position-relative h-element\">\n                        <!---->\n                        <div class=\"h-x-container-inner style-dynamic-3120-c19-group style-1871-spacing style-local-3120-c19-spacing\"><span class=\"h-button__outer style-1872-outer style-local-3120-c20-outer d-inline-flex h-element\"><a h-use-smooth-scroll=\"true\" href=\"https:\/\/elmasbakery.ro\/pl\/our-products\/\"  data-colibri-id=\"3120-c20\" class=\"d-flex w-100 align-items-center h-button justify-content-lg-center justify-content-md-center justify-content-center style-1872 style-local-3120-c20 position-relative\"><!----><!----> <span>BACK TO ALL PRODUCTS<\/span><\/a>\n                          <\/span>\n                        <\/div>\n                      <\/div>\n                    <\/div>\n                  <\/div>\n                  <div id=\"srednie-wartosci-odzywcze\" skip-smooth-scroll=\"true\" skip-scroll-spy=\"true\" data-colibri-id=\"3120-c21\" class=\"h-tabs-item-content h-tabs-item h-tabs-content-horizontal h-tabs-content-3120-c21 style-1882 style-local-3120-c21 position-relative h-element hide\">\n                    <!---->\n                    <div class=\"w-100 h-y-container\">\n                      <!---->\n                      <div data-colibri-id=\"3120-c22\" class=\"h-row-container gutters-row-lg-0 gutters-row-md-0 gutters-row-2 gutters-row-v-lg-0 gutters-row-v-md-0 gutters-row-v-2 style-1883 style-local-3120-c22 position-relative\">\n                        <!---->\n                        <div class=\"h-row justify-content-lg-center justify-content-md-center justify-content-center align-items-lg-center align-items-md-center align-items-center gutters-col-lg-0 gutters-col-md-0 gutters-col-2 gutters-col-v-lg-0 gutters-col-v-md-0 gutters-col-v-2\">\n                          <!---->\n                          <div class=\"h-column h-column-container d-flex h-col-lg-auto h-col-md-auto h-col-auto align-self-lg-center align-self-md-center align-self-center style-1884-outer style-local-3120-c23-outer\">\n                            <div data-colibri-id=\"3120-c23\" class=\"d-flex h-flex-basis h-column__inner h-px-lg-0 h-px-md-0 h-px-0 v-inner-lg-0 v-inner-md-0 v-inner-0 style-1884 style-local-3120-c23 position-relative\">\n                              <!---->\n                              <!---->\n                              <div class=\"w-100 h-y-container h-column__content h-column__v-align flex-basis-100 align-self-lg-start align-self-md-start align-self-start\">\n                                <!---->\n                                <div data-colibri-id=\"3120-c24\" class=\"h-row-container gutters-row-lg-3 gutters-row-md-3 gutters-row-0 gutters-row-v-lg-3 gutters-row-v-md-3 gutters-row-v-3 style-1885 style-local-3120-c24 h-hide-md h-hide-sm position-relative\">\n                                  <!---->\n                                  <div class=\"h-row justify-content-lg-center justify-content-md-center justify-content-center align-items-lg-stretch align-items-md-stretch align-items-stretch gutters-col-lg-3 gutters-col-md-3 gutters-col-0 gutters-col-v-lg-3 gutters-col-v-md-3 gutters-col-v-3\">\n                                    <!---->\n                                    <div class=\"h-column h-column-container d-flex h-col-lg-auto h-col-md-auto h-col-auto style-1886-outer style-local-3120-c25-outer\">\n                                      <div data-colibri-id=\"3120-c25\" class=\"d-flex h-flex-basis h-column__inner h-px-lg-3 h-px-md-3 h-px-3 v-inner-lg-3 v-inner-md-3 v-inner-3 style-1886 style-local-3120-c25 position-relative\">\n                                        <!---->\n                                        <!---->\n                                        <div class=\"w-100 h-y-container h-column__content h-column__v-align flex-basis-100 align-self-lg-start align-self-md-start align-self-start\">\n                                          <!---->\n                                          <div data-colibri-id=\"3120-c26\" class=\"h-row-container gutters-row-lg-0 gutters-row-md-0 gutters-row-0 gutters-row-v-lg-0 gutters-row-v-md-0 gutters-row-v-0 style-1887 style-local-3120-c26 position-relative\">\n                                            <!---->\n                                            <div class=\"h-row justify-content-lg-center justify-content-md-center justify-content-center align-items-lg-stretch align-items-md-stretch align-items-stretch gutters-col-lg-0 gutters-col-md-0 gutters-col-0 gutters-col-v-lg-0 gutters-col-v-md-0 gutters-col-v-0\">\n                                              <!---->\n                                              <div class=\"h-column h-column-container d-flex h-col-lg-auto h-col-md-auto h-col-auto style-1888-outer style-local-3120-c27-outer\">\n                                                <div data-colibri-id=\"3120-c27\" class=\"d-flex h-flex-basis h-column__inner h-px-lg-0 h-px-md-0 h-px-0 v-inner-lg-0 v-inner-md-0 v-inner-0 style-1888 style-local-3120-c27 position-relative\">\n                                                  <!---->\n                                                  <!---->\n                                                  <div class=\"w-100 h-y-container h-column__content h-column__v-align flex-basis-100 align-self-lg-start align-self-md-start align-self-start\">\n                                                    <!---->\n                                                    <div data-colibri-id=\"3120-c28\" class=\"h-text h-text-component style-1889 style-local-3120-c28 position-relative h-element\">\n                                                      <!---->\n                                                      <!---->\n                                                      <div class=\"\">\n                                                        <p>Warto\u015b\u0107 energetyczna<\/p>\n                                                        <p>T\u0142uszcze z czego:<\/p>\n                                                        <p>Nasycone kwasy t\u0142uszczowe<\/p>\n                                                        <p>W\u0119glowodany z czego:<\/p>\n                                                        <p>Cukry<\/p>\n                                                        <p>Bia\u0142ko<\/p>\n                                                        <p>S\u00f3l<\/p>\n                                                      <\/div>\n                                                    <\/div>\n                                                  <\/div>\n                                                <\/div>\n                                              <\/div>\n                                              <div class=\"h-column h-column-container d-flex h-col-lg-auto h-col-md-auto h-col-auto style-1890-outer style-local-3120-c29-outer\">\n                                                <div data-colibri-id=\"3120-c29\" class=\"d-flex h-flex-basis h-column__inner h-px-lg-0 h-px-md-0 h-px-0 v-inner-lg-0 v-inner-md-0 v-inner-0 style-1890 style-local-3120-c29 position-relative\">\n                                                  <!---->\n                                                  <!---->\n                                                  <div class=\"w-100 h-y-container h-column__content h-column__v-align flex-basis-100 align-self-lg-start align-self-md-start align-self-start\">\n                                                    <!---->\n                                                    <div data-colibri-id=\"3120-c30\" class=\"h-text h-text-component style-1891 style-local-3120-c30 position-relative h-element\">\n                                                      <!---->\n                                                      <!---->\n                                                      <div class=\"\">\n                                                        <p>1598 kJ\/ 381 kcal<\/p>\n                                                        <p>16g<\/p>\n                                                        <p>8,5g<\/p>\n                                                        <p>53g<\/p>\n                                                        <p>20g<\/p>\n                                                        <p>6,4g<\/p>\n                                                        <p>0,75g<\/p>\n                                                      <\/div>\n                                                    <\/div>\n                                                  <\/div>\n                                                <\/div>\n                                              <\/div>\n                                            <\/div>\n                                          <\/div>\n                                        <\/div>\n                                      <\/div>\n                                    <\/div>\n                                  <\/div>\n                                <\/div>\n                              <\/div>\n                            <\/div>\n                          <\/div>\n                          <div class=\"h-column h-column-container d-flex h-col-lg-auto h-col-md-auto h-col-auto align-self-lg-center align-self-md-center align-self-center style-1892-outer style-local-3120-c31-outer\">\n                            <div data-colibri-id=\"3120-c31\" class=\"d-flex h-flex-basis h-column__inner h-ui-empty-state-container h-px-lg-2 h-px-md-2 h-px-2 v-inner-lg-2 v-inner-md-2 v-inner-2 style-1892 style-local-3120-c31 position-relative\">\n                              <!---->\n                              <!---->\n                              <div class=\"w-100 h-y-container h-column__content h-column__v-align flex-basis-100\">\n                                <!---->\n                              <\/div>\n                            <\/div>\n                          <\/div>\n                        <\/div>\n                      <\/div>\n                      <div data-colibri-id=\"3120-c32\" class=\"d-block style-2016 style-local-3120-c32 h-hide-lg position-relative h-element\">\n                        <!---->\n                        <div class=\"h-image__frame-container-outer\">\n                          <div class=\"h-image__frame-container\">\n                            <!---->\n                            <!---->\n                            <img loading=\"lazy\" decoding=\"async\" width=\"942\" height=\"496\" src=\"https:\/\/insoundminimal.ro\/elmas\/wp-content\/uploads\/2024\/03\/Screenshot-2024-03-23-at-2.28.55-PM.png\" class=\"wp-image-6071 style-2016-image style-local-3120-c32-image\" alt=\"\" srcset=\"https:\/\/elmasbakery.ro\/pl\/wp-content\/uploads\/2024\/03\/Screenshot-2024-03-23-at-2.28.55-PM.png 942w, https:\/\/elmasbakery.ro\/pl\/wp-content\/uploads\/2024\/03\/Screenshot-2024-03-23-at-2.28.55-PM-300x158.png 300w, https:\/\/elmasbakery.ro\/pl\/wp-content\/uploads\/2024\/03\/Screenshot-2024-03-23-at-2.28.55-PM-768x404.png 768w\" sizes=\"auto, (max-width: 942px) 100vw, 942px\" \/>\n                            <div class=\"h-image__frame h-hide-lg h-hide-md h-hide-sm style-2016-frameImage style-local-3120-c32-frameImage\"><\/div>\n                          <\/div>\n                        <\/div>\n                      <\/div>\n                    <\/div>\n                  <\/div>\n                <\/div>\n              <\/div>\n            <\/div>\n          <\/div>\n        <\/div>\n      <\/div>\n    <\/div>\n  <\/div>\n<\/div>","protected":false},"excerpt":{"rendered":"<p>Elmas XL Croissant S\u0141ONEGO KARMELU Sk\u0142adniki \u015arednie warto\u015bci od\u017cywcze Sk\u0142adniki: Ciasto: m\u0105ka pszenna bia\u0142a,&nbsp;ro\u015blinny t\u0142uszcz palmowy, oleje ro\u015blinne (s\u0142onecznikowy, bawe\u0142niany, rzepakowy) w r\u00f3\u017cnych proporcjach, woda, cukier, syrop glukozowy, dro\u017cd\u017ce, emulgatory&nbsp;(mono- i diglicerydy&nbsp;kwas\u00f3w t\u0142uszczowych), s\u00f3l jodowana, aromat (wanilina), konserwanty (propionian wapnia, sorbinian potasu, kwas sorbowy), regulator kwasowo\u015bci (kwas cytrynowy). Nadzienie o smaku s\u0142onego karmelu 33% [cukier, [&hellip;]<\/p>\n","protected":false},"author":1,"featured_media":0,"parent":0,"menu_order":0,"comment_status":"closed","ping_status":"closed","template":"page-templates\/full-width-page.php","meta":{"footnotes":""},"class_list":["post-3120","page","type-page","status-publish","hentry"],"_links":{"self":[{"href":"https:\/\/elmasbakery.ro\/pl\/wp-json\/wp\/v2\/pages\/3120","targetHints":{"allow":["GET"]}}],"collection":[{"href":"https:\/\/elmasbakery.ro\/pl\/wp-json\/wp\/v2\/pages"}],"about":[{"href":"https:\/\/elmasbakery.ro\/pl\/wp-json\/wp\/v2\/types\/page"}],"author":[{"embeddable":true,"href":"https:\/\/elmasbakery.ro\/pl\/wp-json\/wp\/v2\/users\/1"}],"replies":[{"embeddable":true,"href":"https:\/\/elmasbakery.ro\/pl\/wp-json\/wp\/v2\/comments?post=3120"}],"version-history":[{"count":20,"href":"https:\/\/elmasbakery.ro\/pl\/wp-json\/wp\/v2\/pages\/3120\/revisions"}],"predecessor-version":[{"id":7996,"href":"https:\/\/elmasbakery.ro\/pl\/wp-json\/wp\/v2\/pages\/3120\/revisions\/7996"}],"wp:attachment":[{"href":"https:\/\/elmasbakery.ro\/pl\/wp-json\/wp\/v2\/media?parent=3120"}],"curies":[{"name":"wp","href":"https:\/\/api.w.org\/{rel}","templated":true}]}}