{"id":2820,"date":"2023-11-11T18:34:15","date_gmt":"2023-11-11T18:34:15","guid":{"rendered":"https:\/\/insoundminimal.ro\/elmas\/pl\/?page_id=2820"},"modified":"2025-11-13T10:10:22","modified_gmt":"2025-11-13T10:10:22","slug":"terms-and-conditions","status":"publish","type":"page","link":"https:\/\/elmasbakery.ro\/pl\/terms-and-conditions\/","title":{"rendered":"TERMS AND CONDITIONS"},"content":{"rendered":"<div data-colibri-id=\"2820-c1\" class=\"style-1040 style-local-2820-c1 position-relative\">\n  <!---->\n  <div data-colibri-component=\"section\" data-colibri-id=\"2820-c2\" id=\"reusable-sections-2\" class=\"h-section h-section-global-spacing d-flex align-items-lg-center align-items-md-center align-items-center style-2062 style-local-2820-c2 position-relative\">\n    <div class=\"background-wrapper\">\n      <div class=\"background-layer background-layer-media-container-lg\">\n        <div data-enabled=\"true\" data-colibri-component=\"parallax\" class=\"background-layer paraxify\" model-id=\"2820-c2\" media=\"desktop\" is-preview=\"true\" style=\"background-image: url(&quot;https:\/\/elmasbakery.ro\/pl\/wp-content\/uploads\/2023\/12\/about3.png&quot;);\"><\/div>\n      <\/div>\n      <div class=\"background-layer background-layer-media-container-md\">\n        <div data-enabled=\"true\" data-colibri-component=\"parallax\" class=\"background-layer paraxify\" model-id=\"2820-c2\" media=\"tablet\" is-preview=\"true\" style=\"background-image: url(&quot;https:\/\/elmasbakery.ro\/pl\/wp-content\/uploads\/2023\/12\/about3.png&quot;);\"><\/div>\n      <\/div>\n      <div class=\"background-layer background-layer-media-container\">\n        <div data-enabled=\"true\" data-colibri-component=\"parallax\" class=\"background-layer paraxify\" model-id=\"2820-c2\" media=\"mobile\" is-preview=\"true\" style=\"background-image: url(&quot;https:\/\/elmasbakery.ro\/pl\/wp-content\/uploads\/2023\/12\/about3.png&quot;);\"><\/div>\n      <\/div>\n    <\/div>\n    <!---->\n    <div class=\"h-section-grid-container h-section-boxed-container\">\n      <!---->\n      <div data-colibri-id=\"2820-c3\" class=\"h-row-container gutters-row-lg-2 gutters-row-md-2 gutters-row-0 gutters-row-v-lg-2 gutters-row-v-md-2 gutters-row-v-2 style-2063 style-local-2820-c3 position-relative\">\n        <!---->\n        <div class=\"h-row justify-content-lg-center justify-content-md-center justify-content-center align-items-lg-stretch align-items-md-stretch align-items-stretch gutters-col-lg-2 gutters-col-md-2 gutters-col-0 gutters-col-v-lg-2 gutters-col-v-md-2 gutters-col-v-2\">\n          <!---->\n          <div class=\"h-column h-column-container d-flex h-col-lg-auto h-col-md-auto h-col-auto style-2064-outer style-local-2820-c4-outer\">\n            <div data-colibri-id=\"2820-c4\" class=\"d-flex h-flex-basis h-column__inner h-px-lg-2 h-px-md-2 h-px-2 v-inner-lg-2 v-inner-md-2 v-inner-2 style-2064 style-local-2820-c4 position-relative\">\n              <!---->\n              <!---->\n              <div class=\"w-100 h-y-container h-column__content h-column__v-align flex-basis-100 align-self-lg-start align-self-md-start align-self-start\">\n                <!---->\n                <div data-colibri-id=\"2820-c5\" class=\"style-2065 style-local-2820-c5 position-relative h-element\">\n                  <!---->\n                <\/div>\n              <\/div>\n            <\/div>\n          <\/div>\n        <\/div>\n      <\/div>\n    <\/div>\n  <\/div>\n  <div data-colibri-component=\"section\" data-colibri-id=\"2820-c10\" id=\"reusable-sections\" class=\"h-section h-section-global-spacing d-flex align-items-lg-center align-items-md-center align-items-center style-1041 style-local-2820-c10 position-relative\">\n    <!---->\n    <!---->\n    <div class=\"h-section-grid-container h-section-boxed-container\">\n      <div data-colibri-id=\"2820-c14\" class=\"h-row-container gutters-row-lg-2 gutters-row-md-2 gutters-row-2 gutters-row-v-lg-2 gutters-row-v-md-2 gutters-row-v-2 style-1045 style-local-2820-c14 position-relative\">\n        <!---->\n        <div class=\"h-row justify-content-lg-start justify-content-md-start justify-content-start align-items-lg-stretch align-items-md-stretch align-items-stretch gutters-col-lg-2 gutters-col-md-2 gutters-col-2 gutters-col-v-lg-2 gutters-col-v-md-2 gutters-col-v-2\">\n          <!---->\n          <div class=\"h-column h-column-container d-flex h-col-lg-auto h-col-md h-col-auto style-1046-outer style-local-2820-c15-outer\">\n            <div data-colibri-id=\"2820-c15\" class=\"d-flex h-flex-basis h-column__inner h-px-lg-2 h-px-md-2 h-px-2 v-inner-lg-0 v-inner-md-0 v-inner-0 style-1046 style-local-2820-c15 position-relative\">\n              <!---->\n              <!---->\n              <div class=\"w-100 h-y-container h-column__content h-column__v-align flex-basis-100 align-self-lg-start align-self-md-start align-self-start\">\n                <!---->\n                <div data-colibri-id=\"2820-c16\" class=\"h-text h-text-component style-1047 style-local-2820-c16 position-relative h-element\">\n                  <!---->\n                  <!---->\n                  <div class=\"\">\n                    <h2><strong style=\"color: rgb(247, 215, 172);\">WARUNKI KORZYSTANIA Z WITRYNY<\/strong><\/h2>\n                  <\/div>\n                <\/div>\n              <\/div>\n            <\/div>\n          <\/div>\n        <\/div>\n      <\/div>\n      <div data-colibri-id=\"2820-c11\" class=\"h-row-container gutters-row-lg-2 gutters-row-md-2 gutters-row-0 gutters-row-v-lg-2 gutters-row-v-md-2 gutters-row-v-2 style-1042 style-local-2820-c11 position-relative\">\n        <!---->\n        <div class=\"h-row justify-content-lg-center justify-content-md-center justify-content-center align-items-lg-stretch align-items-md-stretch align-items-stretch gutters-col-lg-2 gutters-col-md-2 gutters-col-0 gutters-col-v-lg-2 gutters-col-v-md-2 gutters-col-v-2\">\n          <!---->\n          <div class=\"h-column h-column-container d-flex h-col-lg-auto h-col-md-auto h-col-auto style-1043-outer style-local-2820-c12-outer\">\n            <div data-colibri-id=\"2820-c12\" class=\"d-flex h-flex-basis h-column__inner h-px-lg-2 h-px-md-2 h-px-2 v-inner-lg-2 v-inner-md-2 v-inner-2 style-1043 style-local-2820-c12 position-relative\">\n              <!---->\n              <!---->\n              <div class=\"w-100 h-y-container h-column__content h-column__v-align flex-basis-100 align-self-lg-start align-self-md-start align-self-start\">\n                <!---->\n                <div data-colibri-id=\"2820-c13\" class=\"h-text h-text-component style-2160 style-local-2820-c13 position-relative h-element\">\n                  <!---->\n                  <!---->\n                  <div class=\"\">\n                    <p>Dzi\u0119kujemy za odwiedzenie witryny elmasbakery.ro.&nbsp;<\/p>\n                    <p>Przeczytaj uwa\u017cnie Warunki zawarte w niniejszym dokumencie: korzystanie z tej witryny oznacza akceptacj\u0119 Warunk\u00f3w przedstawionych poni\u017cej.<\/p>\n                    <p>Wszelkie dane osobowe lub materia\u0142y przekazywane do tej witryny podlegaj\u0105 postanowieniom <strong>Informacji dotycz\u0105cej przetwarzania danych osobowych<\/strong> z tej witryny.<\/p>\n                    <p>Wchodz\u0105c i korzystaj\u0105c z elmasbakery.ro.&nbsp;, akceptujesz i potwierdzasz, \u017ce postanowienia Warunk\u00f3w korzystania z witryny s\u0105 nadrz\u0119dne w stosunku do wszelkich innych um\u00f3w pomi\u0119dzy Tob\u0105 a Derpan S.A. Je\u015bli nie zgadzasz si\u0119 lub nie\n                      akceptujesz w pe\u0142ni Warunk\u00f3w korzystania z elmasbakery.ro.&nbsp;, prosimy o opuszczenie witryny.<\/p>\n                    <p>\n                      <br>\n                    <\/p>\n                    <p><strong>DOK\u0141ADNO\u015a\u0106, INTEGRALNO\u015a\u0106 I AKTUALIZACJA INFORMACJI<\/strong><\/p>\n                    <p>Wszelkie zg\u0142oszenia dotycz\u0105ce materia\u0142\u00f3w znajduj\u0105cych si\u0119 na tej stronie internetowej b\u0119d\u0105 dokonywane na w\u0142asne ryzyko. Zgadzasz si\u0119, \u017ce Twoim obowi\u0105zkiem jest monitorowanie wszelkich zmian w zawarto\u015bci tej witryny. Nie ponosimy odpowiedzialno\u015bci,\n                      je\u015bli informacje dost\u0119pne na tej stronie nie s\u0105 dok\u0142adne lub kompletne.<\/p>\n                    <p>Produkty pojawiaj\u0105ce si\u0119 na tej stronie s\u0105 jedynie przedstawieniem wizualnym i jako takie nie odzwierciedlaj\u0105 ich prawdziwego rozmiaru, koloru itp.<\/p>\n                    <p>Obrazy, dane dot. warto\u015bci od\u017cywczej i szczeg\u00f3\u0142y produkt\u00f3w prezentowane na tej stronie maj\u0105 charakter informacyjny i odpowiadaj\u0105 definicji obowi\u0105zuj\u0105cej w momencie pisania lub aktualizacji r\u00f3\u017cnych stron witryny; s\u0105 one oferowane wy\u0142\u0105cznie\n                      w celach informacyjnych i dlatego nie s\u0105 i nie powinny by\u0107 traktowane jako oferta umowna produkt\u00f3w oferowanych przez Derpan S.A., jej sp\u00f3\u0142ki stowarzyszone lub cz\u0142onk\u00f3w jej sieci. Mog\u0105 wyst\u0105pi\u0107 b\u0142\u0119dy lub pomini\u0119cia.<\/p>\n                    <p>Poniewa\u017c aktualizacja opakowa\u0144 jest procesem dynamicznym, nie bierzemy odpowiedzialno\u015bci za ewentualne niezgodno\u015bci z produktami istniej\u0105cymi na rynku. Dlatego te\u017c obrazy, dane dot. warto\u015bci od\u017cywczej i szczeg\u00f3\u0142y prezentowane na opakowaniach\n                      istniej\u0105cych na rynku b\u0119d\u0105 mia\u0142y pierwsze\u0144stwo.<\/p>\n                    <p><strong>PRZEKAZYWANIE INFORMACJI I DANYCH<\/strong><\/p>\n                    <p>Wszelka komunikacja lub materia\u0142y nie zawieraj\u0105ce danych osobowych przesy\u0142ane do tej witryny poczt\u0105 elektroniczn\u0105 lub w inny spos\u00f3b, w tym wszelkie informacje, zapytania, komentarze, sugestie lub informacje inne ni\u017c dane osobowe, b\u0119d\u0105\n                      traktowane jako informacje niepoufne i niezastrze\u017cone.<\/p>\n                    <p>Derpan S.A. nie ma obowi\u0105zku wykorzystywania otrzymanych informacji.<\/p>\n                    <p>Przesy\u0142aj\u0105c takie informacje, gwarantujesz r\u00f3wnie\u017c, \u017ce jeste\u015b w\u0142a\u015bcicielem przesy\u0142anych tre\u015bci, \u017ce przesy\u0142any materia\u0142 nie ma charakteru znies\u0142awiaj\u0105cego oraz \u017ce jego wykorzystanie przez Derpan S.A. nie narusza praw os\u00f3b trzecich ani\n                      \u017cadnego innego obowi\u0105zuj\u0105cego prawa.<\/p>\n                    <p>Wszystkie informacje, o kt\u00f3rych mowa powy\u017cej, przesy\u0142ane lub wysy\u0142ane przez Ciebie za po\u015brednictwem tej witryny, staj\u0105 si\u0119 w\u0142asno\u015bci\u0105 Derpan S.A. i mog\u0105 zosta\u0107 wykorzystane do dowolnego celu.<\/p>\n                    <p><strong>W\u0141ASNO\u015a\u0106 TRE\u015aCI<\/strong><\/p>\n                    <p>Witryna i ca\u0142a jej zawarto\u015b\u0107, w tym wszystkie teksty i obrazy, kt\u00f3re s\u0105 w\u0142asno\u015bci\u0105 i podlegaj\u0105 prawu autorskiemu Derpan S.A. lub innych os\u00f3b, maj\u0105 wszelkie prawa zastrze\u017cone, chyba \u017ce okre\u015blono inaczej. Wszelkie tre\u015bci sk\u0142adaj\u0105ce si\u0119\n                      ze znaku towarowego lub logo stanowi\u0105 zarejestrowane albo niezarejestrowane znaki towarowe Derpan S.A. lub inne.<\/p>\n                    <p>Masz prawo do przegl\u0105dania tej witryny, do powielania, ale nie w celach komercyjnych, jej fragment\u00f3w poprzez drukowanie, pobieranie lub rozpowszechnianie ich w\u015br\u00f3d os\u00f3b trzecich. Takie powielanie jest mo\u017cliwe jedynie pod warunkiem\n                      zachowania nienaruszalno\u015bci wszelkich informacji o prawach autorskich i innych prawach w\u0142asno\u015bci.&nbsp;<\/p>\n                    <p><strong>BRAK GWARANCJI<\/strong><\/p>\n                    <p>Korzystanie z tej witryny odbywa si\u0119 na Twoje w\u0142asne i wy\u0142\u0105czne ryzyko.<\/p>\n                    <p>Derpan S.A. nie oferuje \u017cadnego rodzaju gwarancji, ani wyra\u017anej, ani dorozumianej, ustawowej czy innej, w tym gwarancji dot. kompletno\u015bci, poprawno\u015bci, rzetelno\u015bci i aktualno\u015bci materia\u0142\u00f3w prezentowanych na tej stronie, jak r\u00f3wnie\u017c\n                      gwarancji, \u017ce dost\u0119p do tej strony internetowej b\u0119dzie nieprzerwany, wolny od b\u0142\u0119d\u00f3w i wirus\u00f3w, czy tego, \u017ce dost\u0119p do tej witryny b\u0119dzie zabezpieczony i \u017ce wszystkie porady lub opinie uzyskane od Derpan SRL za po\u015brednictwem tej\n                      witryny b\u0119d\u0105 prawid\u0142owe i kompletne. W zwi\u0105zku z tym Derpan S.A. nie sk\u0142ada \u017cadnych o\u015bwiadcze\u0144 i nie przejmuje \u017cadnych gwarancji w powy\u017cszym zakresie.<\/p>\n                    <p>Zastrzegamy sobie r\u00f3wnie\u017c prawo do ograniczenia, zawieszenia lub zako\u0144czenia, bez uprzedzenia, w dowolnym momencie, Twojego dost\u0119pu do tej witryny lub dowolnej jej sekcji lub cz\u0119\u015bci.<\/p>\n                    <p><strong>LINKI DO INNYCH STRON<\/strong><\/p>\n                    <p>Linki umieszczone na stronie derpan.ro mog\u0105 przekierowa\u0107 Ci\u0119 poza systemy Derpan SRL, a Derpan S.A. nie ponosi \u017cadnej odpowiedzialno\u015bci za tre\u015b\u0107, dok\u0142adno\u015b\u0107 lub dzia\u0142anie takich stron internetowych os\u00f3b trzecich. Linki podawane s\u0105\n                      w dobrej wierze i Derpan SRL nie ponosi odpowiedzialno\u015bci za jakiekolwiek p\u00f3\u017aniejsze zmiany na innych stronach internetowych, do kt\u00f3rych linki zosta\u0142y przez nas udost\u0119pnione. Derpan S.A. nie kontroluje i nie ponosi odpowiedzialno\u015bci\n                      za tre\u015b\u0107, warunki poufno\u015bci lub bezpiecze\u0144stwa oraz funkcjonalno\u015b\u0107 tych stron. Zamieszczenie jakichkolwiek odniesie\u0144 do innych stron internetowych nie oznacza ich wspierania przez Derpan SRL. Zalecamy uwa\u017cne zapoznanie si\u0119 z uwagami\n                      prawnymi i dotycz\u0105cymi prywatno\u015bci wszystkich innych odwiedzanych witryn internetowych.<\/p>\n                    <p>Ponadto Derpan S.A. nie autoryzuje tre\u015bci ani \u017cadnych innych produkt\u00f3w i us\u0142ug dost\u0119pnych na tych stronach. Je\u015bli wchodzisz na inn\u0105 stron\u0119 poprzez link na takich stronach lub w tej witrynie, przyjmujesz na siebie ryzyko, bez gwarancji\n                      Derpan SRL.<\/p>\n                    <p><strong>ODPOWIEDZIALNO\u015a\u0106 PRAWNA<\/strong><\/p>\n                    <p>Derpan S.A. i\/lub inne strony zaanga\u017cowane w tworzenie, wykonanie lub prezentacj\u0119 tej witryny nie b\u0119d\u0105 ponosi\u0107 \u017cadnej odpowiedzialno\u015bci prawnej ani innej za jakiekolwiek bezpo\u015brednie, przypadkowe, po\u015brednie, specjalne lub karne szkody,\n                      straty lub zobowi\u0105zania wynikaj\u0105ce z dost\u0119pu, u\u017cytkowania, niemo\u017cno\u015bci korzystania, zmiany zawarto\u015bci tej witryny lub w wyniku przej\u015bcia do innej witryny internetowej za po\u015brednictwem \u0142\u0105cza znajduj\u0105cego si\u0119 na tej stronie.<\/p>\n                    <p>Derpan S.A. i\/lub inne strony zaanga\u017cowane w tworzenie, wykonanie lub prezentacj\u0119 tej witryny nie b\u0119d\u0105 ponosi\u0107 \u017cadnej odpowiedzialno\u015bci za utrzymywanie materia\u0142\u00f3w i us\u0142ug dost\u0119pnych za po\u015brednictwem tej witryny ani za przesy\u0142anie zmian,\n                      aktualizacji lub innych powi\u0105zanych komunikat\u00f3w z nimi zwi\u0105zanych. Wszelkie materia\u0142y zawarte na tej stronie internetowej mog\u0105 ulec zmianie bez powiadomienia.<\/p>\n                    <p>Wszelkie odniesienia do materia\u0142\u00f3w znajduj\u0105cych si\u0119 na tej stronie b\u0119d\u0105 dokonywane na Twoj\u0105 w\u0142asn\u0105 odpowiedzialno\u015b\u0107, w \u015bwietle i zgodnie z niniejszym wy\u0142\u0105czeniem odpowiedzialno\u015bci. W \u017cadnym wypadku Derpan SRL nie mo\u017ce zosta\u0107 poci\u0105gni\u0119ty\n                      do odpowiedzialno\u015bci za szkody bezpo\u015brednie lub po\u015brednie, a w szczeg\u00f3lno\u015bci za szkody materialne wynikaj\u0105ce z dost\u0119pu lub korzystania z tej witryny lub wszystkich witryn\/stron, do kt\u00f3rych prowadz\u0105 linki zamieszczone na tej witrynie.\n                      Zawarto\u015b\u0107 witryny jest prezentowana bez jakiejkolwiek gwarancji.<\/p>\n                    <p>Ponadto Derpan S.A. nie b\u0119dzie ponosi\u0107 \u017cadnej odpowiedzialno\u015bci prawnej ani innej za jakiekolwiek straty poniesione w wyniku wirus\u00f3w, kt\u00f3re mog\u0105 mie\u0107 wp\u0142yw na Tw\u00f3j komputer lub inn\u0105 w\u0142asno\u015b\u0107 w wyniku u\u017cycia, uzyskania dost\u0119pu lub pobrania\n                      jakichkolwiek materia\u0142\u00f3w z tej witryny.<\/p>\n                    <p>W granicach maksymalnego limitu przewidzianego przez obowi\u0105zuj\u0105ce prawo, wyra\u017anie zrzekasz si\u0119 wszelkich roszcze\u0144 wobec Derpan S.A. lub jego przedstawicieli, roszcze\u0144, kt\u00f3re mog\u0105 wynikn\u0105\u0107 z korzystania lub dost\u0119pu do tej witryny.<\/p>\n                    <p><strong>ZABRONIONE DZIA\u0141ANIA<\/strong><\/p>\n                    <p>Zabronione jest podejmowanie jakichkolwiek dzia\u0142a\u0144, kt\u00f3re Derpan S.A. kieruj\u0105c si\u0119 w\u0142asn\u0105 opini\u0105 mo\u017ce uzna\u0107 za niew\u0142a\u015bciwe i\/lub kt\u00f3re mog\u0142yby zosta\u0107 uznane za dzia\u0142anie niezgodne z prawem lub zabronione przez jakiekolwiek prawo maj\u0105ce\n                      zastosowanie do tej witryny, w tym mi\u0119dzy innymi:<\/p>\n                    <p>\u00b7&nbsp;&nbsp;&nbsp;&nbsp;&nbsp;&nbsp;U\u017cywanie tej witryny do znies\u0142awiania lub oczerniania Derpan S.A., jego pracownik\u00f3w lub innych os\u00f3b;<\/p>\n                    <p>\u00b7&nbsp;&nbsp;&nbsp;&nbsp;&nbsp;&nbsp;Publikowanie lub przesy\u0142anie do tej witryny wszelkich nieautoryzowanych materia\u0142\u00f3w, w tym m.in. materia\u0142\u00f3w, kt\u00f3re naszym zdaniem mog\u0105 powodowa\u0107 niedogodno\u015bci lub mog\u0105 by\u0107 znies\u0142awiaj\u0105ce, rasistowskie,\n                      obsceniczne, zawieraj\u0105ce gro\u017aby, pornograficzne lub niezgodne z prawem, ze szkod\u0105 lub naruszeniem system\u00f3w lub bezpiecze\u0144stwa sieci Derpan SRL lub stron trzecich.<\/p>\n                    <p>\u00b7&nbsp;&nbsp;&nbsp;&nbsp;&nbsp;&nbsp;Przesy\u0142anie plik\u00f3w zawieraj\u0105cych wirusy, kt\u00f3re mog\u0105 wyrz\u0105dzi\u0107 szkody w maj\u0105tku Derpan SRL lub mieniu innych os\u00f3b;<\/p>\n                    <p>\u00b7&nbsp;&nbsp;&nbsp;&nbsp;&nbsp;&nbsp;Wszelkie dzia\u0142ania, kt\u00f3re stanowi\u0142yby naruszenie poufno\u015bci.<\/p>\n                    <p><strong>W\u0141A\u015aCIWO\u015a\u0106 S\u0104D\u00d3W I OBOWI\u0104ZUJ\u0104CE PRAWO<\/strong><\/p>\n                    <p>Produkty Derpan S.A., materia\u0142y, oferty i informacje pojawiaj\u0105ce si\u0119 na tej stronie s\u0105 przeznaczone dla u\u017cytkownik\u00f3w w Rumunii.<\/p>\n                    <p>U\u017cytkownik i Derpan S.A. przyjmuj\u0105 do wiadomo\u015bci i potwierdzaj\u0105, \u017ce wszelkie kontrowersje lub roszczenia wynikaj\u0105ce z lub w zwi\u0105zku z korzystaniem z tej witryny b\u0119d\u0105 podlega\u0107 prawu rumu\u0144skiemu i b\u0119d\u0105 przedk\u0142adane do rozstrzygni\u0119cia\n                      wy\u0142\u0105cznie s\u0105dom w Bukareszcie w Rumunii.<\/p>\n                  <\/div>\n                <\/div>\n              <\/div>\n            <\/div>\n          <\/div>\n        <\/div>\n      <\/div>\n    <\/div>\n  <\/div>\n<\/div>","protected":false},"excerpt":{"rendered":"<p>WARUNKI KORZYSTANIA Z WITRYNY Dzi\u0119kujemy za odwiedzenie witryny elmasbakery.ro.&nbsp; Przeczytaj uwa\u017cnie Warunki zawarte w niniejszym dokumencie: korzystanie z tej witryny oznacza akceptacj\u0119 Warunk\u00f3w przedstawionych poni\u017cej. Wszelkie dane osobowe lub materia\u0142y przekazywane do tej witryny podlegaj\u0105 postanowieniom Informacji dotycz\u0105cej przetwarzania danych osobowych z tej witryny. Wchodz\u0105c i korzystaj\u0105c z elmasbakery.ro.&nbsp;, akceptujesz i potwierdzasz, \u017ce postanowienia Warunk\u00f3w [&hellip;]<\/p>\n","protected":false},"author":1,"featured_media":0,"parent":0,"menu_order":0,"comment_status":"closed","ping_status":"closed","template":"page-templates\/full-width-page.php","meta":{"footnotes":""},"class_list":["post-2820","page","type-page","status-publish","hentry"],"_links":{"self":[{"href":"https:\/\/elmasbakery.ro\/pl\/wp-json\/wp\/v2\/pages\/2820","targetHints":{"allow":["GET"]}}],"collection":[{"href":"https:\/\/elmasbakery.ro\/pl\/wp-json\/wp\/v2\/pages"}],"about":[{"href":"https:\/\/elmasbakery.ro\/pl\/wp-json\/wp\/v2\/types\/page"}],"author":[{"embeddable":true,"href":"https:\/\/elmasbakery.ro\/pl\/wp-json\/wp\/v2\/users\/1"}],"replies":[{"embeddable":true,"href":"https:\/\/elmasbakery.ro\/pl\/wp-json\/wp\/v2\/comments?post=2820"}],"version-history":[{"count":9,"href":"https:\/\/elmasbakery.ro\/pl\/wp-json\/wp\/v2\/pages\/2820\/revisions"}],"predecessor-version":[{"id":7681,"href":"https:\/\/elmasbakery.ro\/pl\/wp-json\/wp\/v2\/pages\/2820\/revisions\/7681"}],"wp:attachment":[{"href":"https:\/\/elmasbakery.ro\/pl\/wp-json\/wp\/v2\/media?parent=2820"}],"curies":[{"name":"wp","href":"https:\/\/api.w.org\/{rel}","templated":true}]}}