{"id":2804,"date":"2023-11-11T18:29:08","date_gmt":"2023-11-11T18:29:08","guid":{"rendered":"https:\/\/insoundminimal.ro\/elmas\/pl\/?page_id=2804"},"modified":"2025-11-03T17:33:32","modified_gmt":"2025-11-03T17:33:32","slug":"cookiepolicy","status":"publish","type":"page","link":"https:\/\/elmasbakery.ro\/pl\/cookiepolicy\/","title":{"rendered":"CookiePolicy"},"content":{"rendered":"<div data-colibri-id=\"2804-c1\" class=\"style-1005 style-local-2804-c1 position-relative\">\n  <!---->\n  <div data-colibri-component=\"section\" data-colibri-id=\"2804-c2\" id=\"reusable-sections\" class=\"h-section h-section-global-spacing d-flex align-items-lg-center align-items-md-center align-items-center style-2054 style-local-2804-c2 position-relative\">\n    <div class=\"background-wrapper\">\n      <div class=\"background-layer background-layer-media-container-lg\">\n        <div data-enabled=\"true\" data-colibri-component=\"parallax\" class=\"background-layer paraxify\" model-id=\"2804-c2\" media=\"desktop\" is-preview=\"true\" style=\"background-image: url(&quot;https:\/\/elmasbakery.ro\/pl\/wp-content\/uploads\/2023\/12\/about2.png&quot;);\"><\/div>\n      <\/div>\n      <div class=\"background-layer background-layer-media-container-md\">\n        <div data-enabled=\"true\" data-colibri-component=\"parallax\" class=\"background-layer paraxify\" model-id=\"2804-c2\" media=\"tablet\" is-preview=\"true\" style=\"background-image: url(&quot;https:\/\/elmasbakery.ro\/pl\/wp-content\/uploads\/2023\/12\/about2.png&quot;);\"><\/div>\n      <\/div>\n      <div class=\"background-layer background-layer-media-container\">\n        <div data-enabled=\"true\" data-colibri-component=\"parallax\" class=\"background-layer paraxify\" model-id=\"2804-c2\" media=\"mobile\" is-preview=\"true\" style=\"background-image: url(&quot;https:\/\/elmasbakery.ro\/pl\/wp-content\/uploads\/2023\/12\/about2.png&quot;);\"><\/div>\n      <\/div>\n    <\/div>\n    <!---->\n    <div class=\"h-section-grid-container h-section-boxed-container\">\n      <!---->\n      <div data-colibri-id=\"2804-c3\" class=\"h-row-container gutters-row-lg-2 gutters-row-md-2 gutters-row-0 gutters-row-v-lg-2 gutters-row-v-md-2 gutters-row-v-2 style-2055 style-local-2804-c3 position-relative\">\n        <!---->\n        <div class=\"h-row justify-content-lg-center justify-content-md-center justify-content-center align-items-lg-stretch align-items-md-stretch align-items-stretch gutters-col-lg-2 gutters-col-md-2 gutters-col-0 gutters-col-v-lg-2 gutters-col-v-md-2 gutters-col-v-2\">\n          <!---->\n          <div class=\"h-column h-column-container d-flex h-col-lg-auto h-col-md-auto h-col-auto style-2056-outer style-local-2804-c4-outer\">\n            <div data-colibri-id=\"2804-c4\" class=\"d-flex h-flex-basis h-column__inner h-px-lg-2 h-px-md-2 h-px-2 v-inner-lg-2 v-inner-md-2 v-inner-2 style-2056 style-local-2804-c4 position-relative\">\n              <!---->\n              <!---->\n              <div class=\"w-100 h-y-container h-column__content h-column__v-align flex-basis-100 align-self-lg-start align-self-md-start align-self-start\">\n                <!---->\n                <div data-colibri-id=\"2804-c5\" class=\"style-2057 style-local-2804-c5 position-relative h-element\">\n                  <!---->\n                <\/div>\n              <\/div>\n            <\/div>\n          <\/div>\n        <\/div>\n      <\/div>\n    <\/div>\n  <\/div>\n  <div data-colibri-component=\"section\" data-colibri-id=\"2804-c10\" id=\"f-a-q-2\" class=\"h-section h-section-global-spacing d-flex align-items-lg-center align-items-md-center align-items-center style-1022 style-local-2804-c10 position-relative\">\n    <!---->\n    <!---->\n    <div class=\"h-section-grid-container h-section-boxed-container\">\n      <div data-colibri-id=\"2804-c14\" class=\"h-row-container gutters-row-lg-2 gutters-row-md-2 gutters-row-2 gutters-row-v-lg-2 gutters-row-v-md-2 gutters-row-v-2 style-1033 style-local-2804-c14 position-relative\">\n        <!---->\n        <div class=\"h-row justify-content-lg-start justify-content-md-start justify-content-start align-items-lg-stretch align-items-md-stretch align-items-stretch gutters-col-lg-2 gutters-col-md-2 gutters-col-2 gutters-col-v-lg-2 gutters-col-v-md-2 gutters-col-v-2\">\n          <!---->\n          <div class=\"h-column h-column-container d-flex h-col-lg-auto h-col-md h-col-auto style-1036-outer style-local-2804-c15-outer\">\n            <div data-colibri-id=\"2804-c15\" class=\"d-flex h-flex-basis h-column__inner h-px-lg-2 h-px-md-2 h-px-2 v-inner-lg-0 v-inner-md-0 v-inner-0 style-1036 style-local-2804-c15 position-relative\">\n              <!---->\n              <!---->\n              <div class=\"w-100 h-y-container h-column__content h-column__v-align flex-basis-100 align-self-lg-start align-self-md-start align-self-start\">\n                <!---->\n                <div data-colibri-id=\"2804-c16\" class=\"h-text h-text-component style-1038 style-local-2804-c16 position-relative h-element\">\n                  <!---->\n                  <!---->\n                  <div class=\"\">\n                    <h2><strong style=\"color: rgb(247, 215, 172);\">COOKIE POLICY<\/strong><\/h2>\n                  <\/div>\n                <\/div>\n              <\/div>\n            <\/div>\n          <\/div>\n        <\/div>\n      <\/div>\n      <div data-colibri-id=\"2804-c11\" class=\"h-row-container gutters-row-lg-2 gutters-row-md-2 gutters-row-0 gutters-row-v-lg-2 gutters-row-v-md-2 gutters-row-v-2 style-1023 style-local-2804-c11 position-relative\">\n        <!---->\n        <div class=\"h-row justify-content-lg-center justify-content-md-center justify-content-center align-items-lg-stretch align-items-md-stretch align-items-stretch gutters-col-lg-2 gutters-col-md-2 gutters-col-0 gutters-col-v-lg-2 gutters-col-v-md-2 gutters-col-v-2\">\n          <!---->\n          <div class=\"h-column h-column-container d-flex h-col-lg-auto h-col-md-auto h-col-auto style-1024-outer style-local-2804-c12-outer\">\n            <div data-colibri-id=\"2804-c12\" class=\"d-flex h-flex-basis h-column__inner h-px-lg-2 h-px-md-2 h-px-2 v-inner-lg-2 v-inner-md-2 v-inner-2 style-1024 style-local-2804-c12 position-relative\">\n              <!---->\n              <!---->\n              <div class=\"w-100 h-y-container h-column__content h-column__v-align flex-basis-100 align-self-lg-start align-self-md-start align-self-start\">\n                <!---->\n                <div data-colibri-id=\"2804-c13\" class=\"h-text h-text-component style-1039 style-local-2804-c13 position-relative h-element\">\n                  <!---->\n                  <!---->\n                  <div class=\"\">\n                    <p><strong>POLITYKA PLIK\u00d3W COOKIE<\/strong><\/p>\n                    <p><strong>POLITYKA FIRMY DERPAN DOTYCZ\u0104CA MODU\u0141\u00d3W COOKIE&nbsp;<\/strong><\/p>\n                    <p>Niniejsza Polityka DERPAN S.A. dotycz\u0105ca plik\u00f3w cookie (\u201ePolityka plik\u00f3w cookie\u201d) ma zastosowanie do witryny b\u0119d\u0105cej w\u0142asno\u015bci\u0105 i kontrolowanej przez Derpan SRL, rumu\u0144sk\u0105 osob\u0119 prawn\u0105 z siedzib\u0105 w Popesti Leordeni, okr\u0119g Ilfov, 3 Taberei\n                      street, C1 Ass., 1 Fl., Room no . 17, wpisan\u0105 do rejestru handlowego w Bukareszcie pod CUI RO 13837330, EUID, ORC: J2022008317234, telefon 0745594760, 0236830032 (zwan\u0105 dalej \u201efirm\u0105\u201d lub \u201emy\u201d), z kt\u00f3rej u\u017cytkownik uzyskuje dost\u0119p\n                      do niniejszej Polityki modu\u0142\u00f3w cookie (\u201eWitryna\u201d lub \u201eStrona\u201d). Firma okre\u015bla sposoby i cele przetwarzania danych osobowych opisane w niniejszej Polityce dotycz\u0105cej modu\u0142\u00f3w cookie i tym samym jest administratorem danych (w rozumieniu\n                      Rozporz\u0105dzenia UE 2016\/679).<\/p>\n                    <p>W zale\u017cno\u015bci od Witryny, do kt\u00f3rej uzyskujesz dost\u0119p, nasze informacje o ochronie prywatno\u015bci maj\u0105 zastosowanie i stanowi\u0105 uzupe\u0142nienie do niniejszej Polityki plik\u00f3w cookie.<\/p>\n                    <p>Przed wej\u015bciem na Stron\u0119 masz mo\u017cliwo\u015b\u0107 wyra\u017cenia zgody na u\u017cycie plik\u00f3w cookie. Niniejsza Polityka plik\u00f3w cookie umo\u017cliwia akceptacj\u0119 lub odmow\u0119 wyra\u017cenia zgody na u\u017cywanie plik\u00f3w cookie.<\/p>\n                    <p>Je\u015bli masz jakiekolwiek pytania, skontaktuj si\u0119 z nami, korzystaj\u0105c z poni\u017cszych danych kontaktowych:<\/p>\n                    <p>Adres do korespondencji: ulica Tecuci 7, wie\u015b Sm\u00eerdan, powiat Gala\u021bi, kod pocztowy: 807275 &#8211; Rumunia.<\/p>\n                    <p>\u00b7&nbsp;&nbsp;&nbsp;&nbsp;&nbsp;&nbsp;&nbsp;&nbsp;Tel.: +40 236 83 00 32<\/p>\n                    <p>\u00b7&nbsp;&nbsp;&nbsp;&nbsp;&nbsp;&nbsp;&nbsp;&nbsp;E-mail:&nbsp;office.derpan@goldenfoods.com.ro<\/p>\n                    <p>\n                      <br>\n                    <\/p>\n                    <p><strong>CO TO JEST MODU\u0141 COOKIE?<\/strong><\/p>\n                    <p><strong>Modu\u0142y cookie<\/strong><\/p>\n                    <p>Plik cookie umo\u017cliwia zapami\u0119tanie Twoich ustawie\u0144 i preferencji podczas odwiedzania tej witryny, aby zapewni\u0107 Ci lepsz\u0105 jako\u015b\u0107 przegl\u0105dania Internetu.<\/p>\n                    <p>Pliki cookie przesy\u0142aj\u0105 nam informacje o sposobie korzystania z witryny, kt\u00f3re s\u0105 nam przydatne do poprawy efektywno\u015bci korzystania z niej, pomagaj\u0105 nam r\u00f3wnie\u017c dowiedzie\u0107 si\u0119, kt\u00f3re obszary Witryny s\u0105 przydatne, a kt\u00f3re wymagaj\u0105 poprawy.<\/p>\n                    <p>Pliki cookie nie mog\u0105 by\u0107 wykorzystywane do uruchamiania program\u00f3w ani przesy\u0142ania wirus\u00f3w komputerowych na Twoje urz\u0105dzenie.<\/p>\n                    <p>Stosuj\u0105c pliki cookie przestrzegamy zasad ochrony danych osobowych.<\/p>\n                    <p>Masz mo\u017cliwo\u015b\u0107 w\u0142\u0105czenia lub wy\u0142\u0105czenia plik\u00f3w cookie!<\/p>\n                    <p>\u00b7 <strong>Podstawowe pliki cookie i pliki cookie stron trzecich<\/strong><\/p>\n                    <p>Pliki cookie pobierane s\u0105 przez Twoj\u0105 przegl\u0105dark\u0119 internetow\u0105 podczas pierwszej wizyty na Stronie. Gdy nast\u0119pnym razem odwiedzisz Stron\u0119 na tym samym urz\u0105dzeniu, plik cookie i przechowywane w nim informacje zostan\u0105 albo przes\u0142ane\n                      z powrotem do witryny, kt\u00f3ra go wygenerowa\u0142a (<strong><em>tryb podstawowego pliku cookie<\/em><\/strong>), albo do innej witryny, do kt\u00f3rej nale\u017cy (<strong><em>modu\u0142 plik\u00f3w cookie strony trzeciej<\/em><\/strong>).<\/p>\n                    <p>Tacy dostawcy (strony trzecie) ustawiaj\u0105 pliki cookie, gdy \u0142\u0105czysz si\u0119 z ich stronami i odwiedzasz nasz\u0105 Witryn\u0119. Nie mamy wp\u0142ywu na ustawienia plik\u00f3w cookie stron trzecich.<\/p>\n                    <p>Podstawowe pliki cookie i pliki cookie stron trzecich pozwalaj\u0105 witrynie rozpozna\u0107, czy uzyska\u0142e\u015b ju\u017c dost\u0119p do Witryny za po\u015brednictwem tej przegl\u0105darki i w wielu przypadkach mog\u0105 zmienia\u0107 wy\u015bwietlan\u0105 tre\u015b\u0107.<\/p>\n                    <p>Je\u015bli odm\u00f3wisz u\u017cywania wszystkich plik\u00f3w cookie, nie b\u0119d\u0105 u\u017cywane ani podstawowe pliki cookie, ani te nale\u017c\u0105ce do stron trzecich. Nie b\u0119dzie rozr\u00f3\u017cnienia pomi\u0119dzy tymi dwoma rodzajami plik\u00f3w cookie.<\/p>\n                    <p><strong>Pliki cookie trwa\u0142e i sesyjne<\/strong><\/p>\n                    <p>W zale\u017cno\u015bci od czasu \u017cycia pliki cookie mo\u017cna podzieli\u0107 na \u201etrwa\u0142e\u201d i \u201esesyjne\u201d.<\/p>\n                    <p><strong><em>Modu\u0142 trwa\u0142ych plik\u00f3w cookie <\/em><\/strong>to plik cookie przechowywany na Twoim komputerze do czasu jego wyga\u015bni\u0119cia lub usuni\u0119cia przez Ciebie.<\/p>\n                    <p><strong><em>Modu\u0142 sesyjnych plik\u00f3w cookie <\/em><\/strong>jest usuwany po zamkni\u0119ciu przegl\u0105darki.&nbsp;<\/p>\n                    <p>\n                      <br>\n                    <\/p>\n                    <p><strong>U\u017bYWANE PLIKI COOKIE<\/strong><\/p>\n                    <p>Ta Witryna wykorzystuje pliki cookie niezb\u0119dne do dzia\u0142ania serwisu, pliki cookie analityczne oraz pliki cookie s\u0142u\u017c\u0105ce do ustawiania preferencji.<\/p>\n                    <p><strong>Pliki cookie niezb\u0119dne do dzia\u0142ania<\/strong>&nbsp;strony umo\u017cliwiaj\u0105 nawigacj\u0119 i korzystanie z funkcjonalno\u015bci serwisu. Wy\u0142\u0105czenie ich b\u0119dzie mia\u0142o wp\u0142yw na komfort korzystania z Witryny. Ten rodzaj plik\u00f3w cookie nie ma \u015bci\u015ble\n                      okre\u015blonego okresu przechowywania: b\u0119dzie przechowywany tak d\u0142ugo, jak b\u0119dzie to konieczne.<\/p>\n                    <p><strong>Analityczne pliki cookie<\/strong>&nbsp;Analityczne pliki cookie dostarczaj\u0105 danych o tym, jak u\u017cytkownicy korzystaj\u0105 z tej Witryny i pozwalaj\u0105 nam ulepsza\u0107 jej funkcjonalno\u015b\u0107, aby korzystanie z niej by\u0142o przyjemne i \u0142atwe.\n                      Okres przechowywania tych plik\u00f3w cookie wynosi 90 dni.<\/p>\n                    <p><strong>Pliki cookie do ustawiania preferencji<\/strong>&nbsp;Pliki cookie do ustawiania preferencji przechowuj\u0105 przez okres 90 dni preferencje i wszelkie inne dane, kt\u00f3re u\u017cytkownik wyra\u017anie zgodzi\u0142 si\u0119 nam przekaza\u0107, w celu bardziej\n                      spersonalizowanego przegl\u0105dania.<\/p>\n                    <p>\n                      <br>\n                    <\/p>\n                    <p><strong>WYKORZYSTANIE PLIK\u00d3W COOKIE<\/strong><\/p>\n                    <p>Korzystaj\u0105c z plik\u00f3w cookie, zyskasz lepsze do\u015bwiadczenie podczas odwiedzania Witryny.<\/p>\n                    <p>Nie u\u017cywamy plik\u00f3w cookie do prowadzenia kampanii reklamowych i nie przekazujemy takich informacji podmiotom trzecim.<\/p>\n                    <p>Za po\u015brednictwem Google Analytics zbieramy anonimowe dane o odwiedzaniu stron serwisu.<\/p>\n                    <p>\n                      <br>\n                    <\/p>\n                    <p><strong>BLOKOWANIE PLIK\u00d3W COOKIE<\/strong><\/p>\n                    <p>Blokowanie plik\u00f3w cookie wi\u0105\u017ce si\u0119 z ryzykiem wyst\u0105pienia b\u0142\u0119d\u00f3w podczas przegl\u0105dania niekt\u00f3rych stron lub niekt\u00f3rych funkcji Witryny.<\/p>\n                    <p>Mo\u017cesz zmieni\u0107 ustawienia swojej przegl\u0105darki, aby zezwoli\u0107 na u\u017cywanie plik\u00f3w cookie lub je wy\u0142\u0105czy\u0107.<\/p>\n                    <p>\n                      <br>\n                    <\/p>\n                    <p><strong>DOSTOSOWANIE PREFERENCJI COOKIE<\/strong><\/p>\n                    <p>Aby mie\u0107 pewno\u015b\u0107, \u017ce ustawienia Twojego urz\u0105dzenia prawid\u0142owo odzwierciedlaj\u0105 Twoje preferencje dotycz\u0105ce plik\u00f3w cookie, mo\u017cesz ustawi\u0107 swoj\u0105 wyszukiwark\u0119 internetow\u0105 tak, aby ostrzega\u0142a Ci\u0119 przed zaakceptowaniem plik\u00f3w cookie. Wyszukiwark\u0119\n                      mo\u017cna opcjonalnie ustawi\u0107 tak, aby natychmiast odrzuca\u0142a pliki cookie, przy czym nale\u017cy zaznaczy\u0107, \u017ce w takich przypadkach mo\u017ce to mie\u0107 wp\u0142yw na komfort przegl\u0105dania.<\/p>\n                    <p>\n                      <br>\n                    <\/p>\n                    <p>Wi\u0119cej informacji na temat rezygnacji z plik\u00f3w cookie bez wp\u0142ywu na komfort przegl\u0105dania Witryny mo\u017cna znale\u017a\u0107 na stronie:&nbsp;\n                      <a href=\"http:\/\/www.youronlinechoices.eu\" class=\"customize-unpreviewable\">http:\/\/www.youronlinechoices.eu\/<\/a>\n                    <\/p>\n                  <\/div>\n                <\/div>\n              <\/div>\n            <\/div>\n          <\/div>\n        <\/div>\n      <\/div>\n    <\/div>\n  <\/div>\n<\/div>","protected":false},"excerpt":{"rendered":"<p>COOKIE POLICY POLITYKA PLIK\u00d3W COOKIE POLITYKA FIRMY DERPAN DOTYCZ\u0104CA MODU\u0141\u00d3W COOKIE&nbsp; Niniejsza Polityka DERPAN S.A. dotycz\u0105ca plik\u00f3w cookie (\u201ePolityka plik\u00f3w cookie\u201d) ma zastosowanie do witryny b\u0119d\u0105cej w\u0142asno\u015bci\u0105 i kontrolowanej przez Derpan SRL, rumu\u0144sk\u0105 osob\u0119 prawn\u0105 z siedzib\u0105 w Popesti Leordeni, okr\u0119g Ilfov, 3 Taberei street, C1 Ass., 1 Fl., Room no . 17, wpisan\u0105 do [&hellip;]<\/p>\n","protected":false},"author":1,"featured_media":0,"parent":0,"menu_order":0,"comment_status":"closed","ping_status":"closed","template":"page-templates\/full-width-page.php","meta":{"footnotes":""},"class_list":["post-2804","page","type-page","status-publish","hentry"],"_links":{"self":[{"href":"https:\/\/elmasbakery.ro\/pl\/wp-json\/wp\/v2\/pages\/2804","targetHints":{"allow":["GET"]}}],"collection":[{"href":"https:\/\/elmasbakery.ro\/pl\/wp-json\/wp\/v2\/pages"}],"about":[{"href":"https:\/\/elmasbakery.ro\/pl\/wp-json\/wp\/v2\/types\/page"}],"author":[{"embeddable":true,"href":"https:\/\/elmasbakery.ro\/pl\/wp-json\/wp\/v2\/users\/1"}],"replies":[{"embeddable":true,"href":"https:\/\/elmasbakery.ro\/pl\/wp-json\/wp\/v2\/comments?post=2804"}],"version-history":[{"count":7,"href":"https:\/\/elmasbakery.ro\/pl\/wp-json\/wp\/v2\/pages\/2804\/revisions"}],"predecessor-version":[{"id":7624,"href":"https:\/\/elmasbakery.ro\/pl\/wp-json\/wp\/v2\/pages\/2804\/revisions\/7624"}],"wp:attachment":[{"href":"https:\/\/elmasbakery.ro\/pl\/wp-json\/wp\/v2\/media?parent=2804"}],"curies":[{"name":"wp","href":"https:\/\/api.w.org\/{rel}","templated":true}]}}